{"id":871,"date":"2024-12-12T09:57:38","date_gmt":"2024-12-12T08:57:38","guid":{"rendered":"https:\/\/www.newclubhotel.com\/?page_id=871"},"modified":"2026-03-10T15:34:42","modified_gmt":"2026-03-10T14:34:42","slug":"piscina","status":"publish","type":"page","link":"https:\/\/www.newclubhotel.com\/fr\/piscina\/","title":{"rendered":"Piscine"},"content":{"rendered":"<div id=\"flc-carousel\" data-cellalign=\"center\" data-bglazyload=\"1\" data-freescroll=\"true\" data-wraparound=\"true\" data-autoplay=\"2000\" data-pauseautoplayonhover =\"true\" data-prevnextbuttons=\"false\" data-contain=\"true\" data-pagedots=\"false\" data-draggable=\"false\" data-groupcells=\"1\" data-fade=\"true\" class=\"js--flickity wao-blocks-slider pb-5 flc-carousel-98784\"  >\n\n                            <div class=\"w-100\">\n                    \n    <div style='background: url(http:\/\/www.newclubhotel.com\/wp-content\/uploads\/2026\/03\/header_piscina_2026.jpg)center center ; background-blend-mode: multiply; background-size: cover; height: 80vh; background-position: 50% 50%;' class='wao-blocks-flc-banner'>\n        <div \n            class='carousel-caption mobile-tablet-centered right-0 m-0 ml-auto' \n            data-cof=\"true\" data-cof-rule=\"padding, 2rem, 2rem, 2rem, 2rem, 2rem\"             style='max-width: 600px; bottom: 0%; background-color:  rgba(33,106,161,0.7); margin:  auto            '>\n            \n\n<h1 class=\"wp-block-heading has-text-align-center text-white text-uppercase\">LA PISCINE<\/h1>\n\n        <\/div>\n        <style>\n            @media screen and (max-width: 992px) {\n                .mobile-tablet-centered {\n                    margin: auto !important;\n                }\n            }\n        <\/style>\n    <\/div>\n    \n                <\/div>\n            \n<\/div>\n\n<section class=\"wao-blocks-container container mb-5 pt-5\"\n\t\t>\n    \n<div class=\"wao-blocks-row row\" >\n    \n\n<div class=\"col-12 col-md-12 text-center\"\n     \n\t \n\t>\n        \n\n<h2 class=\"wp-block-heading\">Piscine panoramique<\/h2>\n\n\n\n<div class=\"wao-blocks-immagine-src\" \n    >\n                    <img decoding=\"async\" src=\"http:\/\/www.newclubhotel.com\/wp-content\/uploads\/2021\/05\/divider-newclub.svg\"  class=\"pb-3 max-w-250\"  alt=\"diviseur-newclub\">\n    <\/div>\n\n\n<h3 class=\"wp-block-heading\">Un peu de luxe, entre ciel et plage<\/h3>\n\n\n\n<p>Notre piscine vous attend sur le toit avec une vue panoramique, pour vous offrir des moments de pure d\u00e9tente. Pour le bien-\u00eatre du corps et de la vue, tout en sirotant une boisson.<\/p>\n\n    <\/div>\n<\/div>\n<\/section>\n\n<section class=\"wao-blocks-container container mb-5\"\n\t\t>\n    \n<div class=\"wao-blocks-row row\" >\n    \n\n<div class=\"col-12 col-lg-6 p-5 g--bkg-dark-02 order-lg-1 order-2\"\n     \n\t \n\t>\n        \n\n<h2 class=\"wp-block-heading text-white pb-3\">La piscine sur le toit<\/h2>\n\n\n\n<h3 class=\"wp-block-heading text-white pb-3\">D\u00e9tente avec vue sur la mer<\/h3>\n\n\n\n<p class=\"text-white\">L'acc\u00e8s \u00e0 la piscine est tr\u00e8s facile : par une nouvelle structure dot\u00e9e d'un escalier et d'un ascenseur, vous atteindrez l'entr\u00e9e de la piscine. <strong>rooftop au deuxi\u00e8me \u00e9tage de notre h\u00f4tel<\/strong>. Depuis le bord de la piscine, vous pouvez admirer <strong>un panorama exclusif qui s'\u00e9tend jusqu'\u00e0 la plage et \u00e0 l'horizon<\/strong>. Apr\u00e8s une journ\u00e9e de soleil et de mer, faites un plongeon dans notre piscine sur le toit pour une exp\u00e9rience rajeunissante qui vous laissera un souvenir imp\u00e9rissable. <strong>un sentiment de paix et de beaut\u00e9<\/strong>. Et des souvenirs inoubliables.<\/p>\n\n    <\/div>\n\n\n<div class=\"col-12 col-lg-6 p-0 order-lg-2 order-1\"\n     \n\t \n\t>\n        \n    <figure\n        class=\"wao-blocks-immagine-bkg\"\n        style=\"background: url('http:\/\/www.newclubhotel.com\/wp-content\/uploads\/2026\/03\/piscina_2026_04.jpg') center center \/ cover no-repeat;\"\n        data-cof=\"true\" data-cof-rule=\"min-height, 350px, 350px, 600px, 100%, 100%|background-position, center center, top center, top center !important, top center !important, top center !important\" >\n            <\/figure>\n\n    <\/div>\n<\/div>\n<\/section>\n\n<section class=\"wao-blocks-container container mb-5\"\n\t\t>\n    \n<div class=\"wao-blocks-row row\" >\n    \n\n<div class=\"col-12 col-lg-6 p-0\"\n     \n\t \n\t>\n        \n    <figure\n        class=\"wao-blocks-immagine-bkg\"\n        style=\"background: url('http:\/\/www.newclubhotel.com\/wp-content\/uploads\/2026\/03\/piscina_2026_05.jpg') center center \/ cover no-repeat;\"\n        data-cof=\"true\" data-cof-rule=\"min-height, 350px, 350px, 400px, 100%, 100%\" >\n            <\/figure>\n\n    <\/div>\n\n\n<div class=\"col-12 col-lg-6 p-5 g--bkg-dark-02 text-white\"\n     \n\t \n\t>\n        \n\n<h2 class=\"wp-block-heading text-white pb-3\">Equipement et confort exclusifs<\/h2>\n\n\n\n<h3 class=\"wp-block-heading text-white pb-3\">Pour la s\u00e9curit\u00e9 et le bien-\u00eatre<\/h3>\n\n\n\n<p class=\"text-white\">La piscine dispose d'un <strong>profondeur uniforme de 135 cm<\/strong>con\u00e7u pour garantir \u00e0 la fois la s\u00e9curit\u00e9 et le bien-\u00eatre. Les installations comprennent deux chaises longues d'hydromassage, des cascades massantes et un syst\u00e8me de nage \u00e0 contre-courant. Nos <strong>le personnel<\/strong> sera pr\u00e9sent <strong>pour r\u00e9pondre \u00e0 vos demandes et superviser la s\u00e9curit\u00e9<\/strong>. Chaque d\u00e9tail a \u00e9t\u00e9 con\u00e7u pour vous offrir des moments de d\u00e9tente dans une ambiance raffin\u00e9e, parfaitement int\u00e9gr\u00e9e \u00e0 l'atmosph\u00e8re familiale de notre h\u00f4tel.<\/p>\n\n    <\/div>\n<\/div>\n<\/section>\n\n<section class=\"wao-blocks-container container mb-5\"\n\t\t>\n    \n<div class=\"wao-blocks-row row\" >\n    \n\n<div class=\"col-12 col-lg-6 p-5 g--bkg-dark-02 order-lg-1 order-2\"\n     \n\t \n\t>\n        \n\n<h2 class=\"wp-block-heading text-white pb-3 pt-5\">Boissons au bord de la piscine<\/h2>\n\n\n\n<h3 class=\"wp-block-heading text-white pb-3\">Quoi d'autre ?<\/h3>\n\n\n\n<p class=\"text-white\">Le petit <strong>bar au bord de la piscine<\/strong> rendra votre exp\u00e9rience encore plus unique et agr\u00e9able. Ici, vous pouvez terminer votre journ\u00e9e avec un cocktail ou un ap\u00e9ritif fra\u00eechement pr\u00e9par\u00e9, dans un \u00e9quilibre parfait entre<strong> un luxe difficile \u00e0 trouver ailleurs<\/strong> et notre accueil familial, jamais intrusif. Pour une exp\u00e9rience qui vous fera vous sentir choy\u00e9 \u00e0 tout moment et vous donnera envie de revenir bient\u00f4t.<\/p>\n\n    <\/div>\n\n\n<div class=\"col-12 col-lg-6 p-0 order-lg-2 order-1\"\n     \n\t \n\t>\n        \n    <figure\n        class=\"wao-blocks-immagine-bkg\"\n        style=\"background: url('http:\/\/www.newclubhotel.com\/wp-content\/uploads\/2026\/03\/piscina_2026_06.jpg') center center \/ cover no-repeat;\"\n        data-cof=\"true\" data-cof-rule=\"min-height, 350px, 350px, 600px, 100%, 100%|background-position, center center, top center, top center !important, top center !important, top center !important\" >\n            <\/figure>\n\n    <\/div>\n<\/div>\n<\/section>\n\n\n<p><\/p>\n\n\n<section class=\"wao-blocks-container container mb-5 py-3\"\n\t\t>\n    \n<div class=\"wao-blocks-row row\" >\n    \n\n<div class=\"col-12 col-md-12\"\n     \n\t \n\t>\n        \n\n<h2 class=\"text-center wp-block-heading\">Notre site <strong>offre<\/strong><\/h2>\n\n\n\n<div class=\"wao-blocks-immagine-src text-center pb-3\" \n    >\n                    <img decoding=\"async\" src=\"http:\/\/www.newclubhotel.com\/wp-content\/uploads\/2021\/05\/divider-newclub.svg\"  class=\"max-w-250\"  alt=\"diviseur-newclub\">\n    <\/div>\n\n\n\t\n\t\t<div class=\"wao-blocks-offerte-slider-v1\">\n\n\t\t\t\t\t<!-- controllo Slide  -->\n\t\t\t\t\t<div class=\"js--slider\" data-arrows=\"false\" data-dots=\"true\" data-autoplay=\"true\" data-slidestoshow=\"2\" data-slidestoshowsm=\"1\" data-slidestoshowxs=\"1\">\n\t\t\t\t\t\t<!-- ciclo di ogni offerta -->\n\t\t\t\t\n<div class=\"g--bkg-dark-04 m-2 h-100\">\n    <!-- contenitore testi cBox2 -->\n    <div class=\"text-center\">\n        <!-- contenitore titolo -->\n        <div class=\"mx-auto py-3 d-flex flex-column\" style=\"min-height: 140px;\">\n            <a href=\"https:\/\/www.newclubhotel.com\/fr\/offerte\/offerta-giugno-all-inclusive-a-rimini-88960.php\" class=\"text-white h4\">Offre de juin tout compris \u00e0 Rimini<\/a>\n\t\t\t<!-- contenitore date -->\n        <div class=\"text-white text-small mt-auto\"><span>du 23.05.2026 au 21.06.2026<\/span><\/div>\n        <!-- fine contenitore date -->\n        <\/div>\n        <!-- contenitore prezzo -->\n        <div class=\"p-2 text-white g--bkg-dark-01\">\n\t\t\t<div>de <span class=\"font-weight-bold display-4\">70\u20ac<\/span><\/div>\n        <\/div>\n        <!-- fine contenitore prezzo -->\n\t\t<!-- contenitore immagine -->\n    <div class=\"mx-auto l--position-relative barret-88963\" style=\"background-size: cover; height: 250px; overflow:hidden;\">\n    \t<!-- inizio timer -->\n\t\t<div class=\"hidden-xl-down g--bkg-light-04 l--position-absolute l--top l--right p-2 text-primary timer l--b-a-1 border g--b-c-03\" style=\"z-index:800!important;\" id=\"timer_88963\">\n\t\t\t<div class=\"text-sm-center text-warning font-weight-bold text-uppercase\">L'offre expire en<\/div>\n\t\t\t<div class=\"\" style=\"display:flex\">\n\t\t\t\t<div class=\"l--p-a-12 g--bkg-light-02 l--m-a-12\">\n\t\t\t\t\t<span class=\"days\"><\/span> <span class=\"text-small\">gg<\/span>\n\t\t\t\t<\/div>\n\t\t\t\t<div class=\"l--p-a-12 g--bkg-light-02 l--m-a-12\">\n\t\t\t\t\t<span class=\"hours\"><\/span> <span class=\"text-small\">hh<\/span>\n\t\t\t\t<\/div>\n\t\t\t\t<div class=\"l--p-a-12 g--bkg-light-02 l--m-a-12\">\n\t\t\t\t\t<span class=\"minutes\"><\/span> <span class=\"text-small\">mm<\/span>\n\t\t\t\t<\/div>\n\t\t\t\t<div class=\"l--p-a-12 g--bkg-light-02 l--m-a-12\">\n\t\t\t\t\t<span class=\"seconds\"><\/span> <span class=\"text-small\">ss<\/span>\n\t\t\t\t<\/div>\n\t\t\t<\/div>\n\t\t<\/div>\n\t\t<script type=\"text\/javascript\">setTimeout(function(){ CountDownOfferte('21\/06\/2026', 'timer_88963'); }, 5000); BkgImgOfferta('https:\/\/static.adriasonline.it\/barret\/make\/offerte\/2040\/dettaglio\/img_88960.jpg?w=520&h=250&q=80&fit=crop', '88963', 'cover');<\/script>\n    \t<!-- fine timer -->\n    <\/div>\n    <!-- fine contenitore immagine -->\n        <!-- contenitore bottone -->\n        <div class=\"py-3\">\n            <a class=\"btn btn-primary rounded-0 text-uppercase\" href=\"https:\/\/www.newclubhotel.com\/fr\/offerte\/offerta-giugno-all-inclusive-a-rimini-88960.php\" title=\"R\u00e9servez votre \u00e9t\u00e9 en janvier et \u00e9conomisez\">d\u00e9couvrez<\/a>\n        <\/div>\n        <!-- fine contenitore bottone -->\n    <\/div>\n    <!-- fine contenitore testi cBox2 -->\n<\/div>\n\n<div class=\"g--bkg-dark-04 m-2 h-100\">\n    <!-- contenitore testi cBox2 -->\n    <div class=\"text-center\">\n        <!-- contenitore titolo -->\n        <div class=\"mx-auto py-3 d-flex flex-column\" style=\"min-height: 140px;\">\n            <a href=\"https:\/\/www.newclubhotel.com\/fr\/offerte\/offerta-ponte-2-giugno-a-rimini-131509.php\" class=\"text-white h4\">Offrir un pont le 2 juin \u00e0 Rimini<\/a>\n\t\t\t<!-- contenitore date -->\n        <div class=\"text-white text-small mt-auto\"><span>du 29.05.2026 au 03.06.2026<\/span><\/div>\n        <!-- fine contenitore date -->\n        <\/div>\n        <!-- contenitore prezzo -->\n        <div class=\"p-2 text-white g--bkg-dark-01\">\n\t\t\t<div>de <span class=\"font-weight-bold display-4\">69\u20ac<\/span><\/div>\n        <\/div>\n        <!-- fine contenitore prezzo -->\n\t\t<!-- contenitore immagine -->\n    <div class=\"mx-auto l--position-relative barret-131512\" style=\"background-size: cover; height: 250px; overflow:hidden;\">\n    \t<!-- inizio timer -->\n\t\t<div class=\"hidden-xl-down g--bkg-light-04 l--position-absolute l--top l--right p-2 text-primary timer l--b-a-1 border g--b-c-03\" style=\"z-index:800!important;\" id=\"timer_131512\">\n\t\t\t<div class=\"text-sm-center text-warning font-weight-bold text-uppercase\">L'offre expire en<\/div>\n\t\t\t<div class=\"\" style=\"display:flex\">\n\t\t\t\t<div class=\"l--p-a-12 g--bkg-light-02 l--m-a-12\">\n\t\t\t\t\t<span class=\"days\"><\/span> <span class=\"text-small\">gg<\/span>\n\t\t\t\t<\/div>\n\t\t\t\t<div class=\"l--p-a-12 g--bkg-light-02 l--m-a-12\">\n\t\t\t\t\t<span class=\"hours\"><\/span> <span class=\"text-small\">hh<\/span>\n\t\t\t\t<\/div>\n\t\t\t\t<div class=\"l--p-a-12 g--bkg-light-02 l--m-a-12\">\n\t\t\t\t\t<span class=\"minutes\"><\/span> <span class=\"text-small\">mm<\/span>\n\t\t\t\t<\/div>\n\t\t\t\t<div class=\"l--p-a-12 g--bkg-light-02 l--m-a-12\">\n\t\t\t\t\t<span class=\"seconds\"><\/span> <span class=\"text-small\">ss<\/span>\n\t\t\t\t<\/div>\n\t\t\t<\/div>\n\t\t<\/div>\n\t\t<script type=\"text\/javascript\">setTimeout(function(){ CountDownOfferte('03\/06\/2026', 'timer_131512'); }, 5000); BkgImgOfferta('https:\/\/static.adriasonline.it\/barret\/make\/offerte\/2040\/dettaglio\/img_131509.jpg?w=520&h=250&q=80&fit=crop', '131512', 'cover');<\/script>\n    \t<!-- fine timer -->\n    <\/div>\n    <!-- fine contenitore immagine -->\n        <!-- contenitore bottone -->\n        <div class=\"py-3\">\n            <a class=\"btn btn-primary rounded-0 text-uppercase\" href=\"https:\/\/www.newclubhotel.com\/fr\/offerte\/offerta-ponte-2-giugno-a-rimini-131509.php\" title=\"R\u00e9servez votre \u00e9t\u00e9 en janvier et \u00e9conomisez\">d\u00e9couvrez<\/a>\n        <\/div>\n        <!-- fine contenitore bottone -->\n    <\/div>\n    <!-- fine contenitore testi cBox2 -->\n<\/div>\n\n<div class=\"g--bkg-dark-04 m-2 h-100\">\n    <!-- contenitore testi cBox2 -->\n    <div class=\"text-center\">\n        <!-- contenitore titolo -->\n        <div class=\"mx-auto py-3 d-flex flex-column\" style=\"min-height: 140px;\">\n            <a href=\"https:\/\/www.newclubhotel.com\/fr\/offerte\/offerta-ponte-del-1-maggio-a-rimini-139693.php\" class=\"text-white h4\">Sp\u00e9cial ponts du 1er Mai \u00e0 Rimini<\/a>\n\t\t\t<!-- contenitore date -->\n        <div class=\"text-white text-small mt-auto\"><span>du 30.04.2026 au 03.05.2026<\/span><\/div>\n        <!-- fine contenitore date -->\n        <\/div>\n        <!-- contenitore prezzo -->\n        <div class=\"p-2 text-white g--bkg-dark-01\">\n\t\t\t<div>de <span class=\"font-weight-bold display-4\">45\u20ac<\/span><\/div>\n        <\/div>\n        <!-- fine contenitore prezzo -->\n\t\t<!-- contenitore immagine -->\n    <div class=\"mx-auto l--position-relative barret-139696\" style=\"background-size: cover; height: 250px; overflow:hidden;\">\n    \t<!-- inizio timer -->\n\t\t<div class=\"hidden-xl-down g--bkg-light-04 l--position-absolute l--top l--right p-2 text-primary timer l--b-a-1 border g--b-c-03\" style=\"z-index:800!important;\" id=\"timer_139696\">\n\t\t\t<div class=\"text-sm-center text-warning font-weight-bold text-uppercase\">L'offre expire en<\/div>\n\t\t\t<div class=\"\" style=\"display:flex\">\n\t\t\t\t<div class=\"l--p-a-12 g--bkg-light-02 l--m-a-12\">\n\t\t\t\t\t<span class=\"days\"><\/span> <span class=\"text-small\">gg<\/span>\n\t\t\t\t<\/div>\n\t\t\t\t<div class=\"l--p-a-12 g--bkg-light-02 l--m-a-12\">\n\t\t\t\t\t<span class=\"hours\"><\/span> <span class=\"text-small\">hh<\/span>\n\t\t\t\t<\/div>\n\t\t\t\t<div class=\"l--p-a-12 g--bkg-light-02 l--m-a-12\">\n\t\t\t\t\t<span class=\"minutes\"><\/span> <span class=\"text-small\">mm<\/span>\n\t\t\t\t<\/div>\n\t\t\t\t<div class=\"l--p-a-12 g--bkg-light-02 l--m-a-12\">\n\t\t\t\t\t<span class=\"seconds\"><\/span> <span class=\"text-small\">ss<\/span>\n\t\t\t\t<\/div>\n\t\t\t<\/div>\n\t\t<\/div>\n\t\t<script type=\"text\/javascript\">setTimeout(function(){ CountDownOfferte('03\/05\/2026', 'timer_139696'); }, 5000); BkgImgOfferta('https:\/\/static.adriasonline.it\/barret\/make\/offerte\/2040\/dettaglio\/img_139693.jpg?w=520&h=250&q=80&fit=crop', '139696', 'cover');<\/script>\n    \t<!-- fine timer -->\n    <\/div>\n    <!-- fine contenitore immagine -->\n        <!-- contenitore bottone -->\n        <div class=\"py-3\">\n            <a class=\"btn btn-primary rounded-0 text-uppercase\" href=\"https:\/\/www.newclubhotel.com\/fr\/offerte\/offerta-ponte-del-1-maggio-a-rimini-139693.php\" title=\"R\u00e9servez votre \u00e9t\u00e9 en janvier et \u00e9conomisez\">d\u00e9couvrez<\/a>\n        <\/div>\n        <!-- fine contenitore bottone -->\n    <\/div>\n    <!-- fine contenitore testi cBox2 -->\n<\/div>\n    \n\t\t\t\t\t\t\t\n\t\t\t<\/div>\n\t\t<\/div>\n\t\n    <\/div>\n<\/div>\n<\/section>","protected":false},"excerpt":{"rendered":"","protected":false},"author":1,"featured_media":0,"parent":0,"menu_order":0,"comment_status":"closed","ping_status":"closed","template":"","meta":{"footnotes":""},"class_list":["post-871","page","type-page","status-publish","hentry"],"_links":{"self":[{"href":"https:\/\/www.newclubhotel.com\/fr\/wp-json\/wp\/v2\/pages\/871","targetHints":{"allow":["GET"]}}],"collection":[{"href":"https:\/\/www.newclubhotel.com\/fr\/wp-json\/wp\/v2\/pages"}],"about":[{"href":"https:\/\/www.newclubhotel.com\/fr\/wp-json\/wp\/v2\/types\/page"}],"author":[{"embeddable":true,"href":"https:\/\/www.newclubhotel.com\/fr\/wp-json\/wp\/v2\/users\/1"}],"replies":[{"embeddable":true,"href":"https:\/\/www.newclubhotel.com\/fr\/wp-json\/wp\/v2\/comments?post=871"}],"version-history":[{"count":8,"href":"https:\/\/www.newclubhotel.com\/fr\/wp-json\/wp\/v2\/pages\/871\/revisions"}],"predecessor-version":[{"id":923,"href":"https:\/\/www.newclubhotel.com\/fr\/wp-json\/wp\/v2\/pages\/871\/revisions\/923"}],"wp:attachment":[{"href":"https:\/\/www.newclubhotel.com\/fr\/wp-json\/wp\/v2\/media?parent=871"}],"curies":[{"name":"wp","href":"https:\/\/api.w.org\/{rel}","templated":true}]}}