{"id":28,"date":"2021-05-19T09:15:20","date_gmt":"2021-05-19T07:15:20","guid":{"rendered":"http:\/\/www.newclubhotel.com\/?page_id=28"},"modified":"2023-01-12T10:34:10","modified_gmt":"2023-01-12T09:34:10","slug":"listino","status":"publish","type":"page","link":"https:\/\/www.newclubhotel.com\/fr\/listino\/","title":{"rendered":"Liste"},"content":{"rendered":"<section class=\"wao-blocks-container container mb-2 pt-5\"\n\t\t>\n    \n<div class=\"wao-blocks-row row\" >\n    \n\n<div class=\"col-12 col-md-12\"\n     \n\t \n\t>\n        \n\n<h2 class=\"text-center pb-3 wp-block-heading\">Liste des prix <\/h2>\n\n\n\n<h3 class=\"text-center pb-3 wp-block-heading\">Prix par jour et par personne<\/h3>\n\n\n\n<div class=\"wao-blocks-immagine-src text-center pb-3\" \n    >\n                    <img decoding=\"async\" src=\"http:\/\/www.newclubhotel.com\/wp-content\/uploads\/2021\/05\/divider-newclub.svg\"  class=\"max-w-250\"  alt=\"diviseur-newclub\">\n    <\/div>\n\n\n<p class=\"text-center\">Rimini vous attend ! Venez nous rendre visite pour des vacances reposantes !<\/p>\n\n\n\n<p class=\"text-center\">Voici des informations sur les prix, les traitements, les tout-inclus et les p\u00e9riodes de r\u00e9f\u00e9rence pour cette saison.<\/p>\n\n\n\n<p class=\"text-center\">N'h\u00e9sitez pas \u00e0 nous contacter pour toute information et recevoir un devis personnalis\u00e9 !<\/p>\n\n    <\/div>\n<\/div>\n<\/section>\n\n<section class=\"wao-blocks-container container mb-2\"\n\t\t>\n    \n<div class=\"wao-blocks-row row\" >\n    \n\n<div class=\"col-12 col-md-12\"\n     \n\t \n\t>\n        \n\n\n<style>\n\t.nav-link{\n\t\tborder-radius: 0px 15px 0px 0px !important;\t}\n\t.nav-tabs .nav-item.show .nav-link, .nav-tabs .nav-link.active{\n\t\tborder-radius: 0px 15px 0px 0px !important;\t}\n<\/style>\n\t<div class=\"wao-blocks-listino-v1\" data-cof=\"true\" data-cof-rule=\"\">\n\t\t<div class=\"\" data-vertical-space=\"10\" style=\"z-index: 999;\">\n\t\t\t\t\t\t\t<ul class=\"nav nav-tabs d-flex justify-content-start\" id=\"myTab\" role=\"tablist\">\n\t\t\t\t\t\t\t\t\t\t\t<li class=\"nav-item\">\n\t\t\t\t\t\t\t\t<a class=\"nav-link active btn btn-primary\" id=\"Tarifs-tab\" data-toggle=\"tab\" href=\"#Tarifs\" role=\"tab\" aria-controls=\"Tarifs\" aria-selected=\"true\" title=\"Tarifs\">\n\t\t\t\t\t\t\t\t\tTarifs\t\t\t\t\t\t\t\t<\/a>\n\t\t\t\t\t\t\t<\/li>\n\t\t\t\t\t\t\t <\/ul>\n\t\t\t\t\t<\/div> \n\t\t<div class=\"tab-content\">\n\t\t\t\t\t\t\t<div class=\"tab-pane fade active show\" id=\"Tarifs\" role=\"tabpanel\" aria-labelledby=\"Tarifs-tab\">\n\t\t\t\t\t\t <h4 class=\"text-quaternary text-center py-1\"> Liste de prix 2026 <\/h4>\t\t\t\t\t\t\t\t\t\t\t\t\t\t\t\t\t<article class=\"row\">\n\t\t\t\t\t\t\t\t\t\t\t<div class=\"col-12 g--bkg-dark-01 text-quaternary text-sm-center\">\n\n\t\t\t\t\t\t\t\t\t\t\t\t\t\t\t\t\t\t\t\t\t\t\t\t\t<h5 class=\"text-quaternary text-center py-1\">demi-pension<\/h5>\n\t\t\t\t\t\t\t\t\t\t\t\t\t\t\t\t\t\t\t\t\t\t\t\t\t\t\t\t\t\t\t\t\t\t\t\t\t<span class=\"text-quaternary text-center py-1\"><\/span>\n\t\t\t\t\t\t\t\t\t\t\t\t\n\t\t\t\t\t\t\t\t\t\t\t<\/div>\n\t\t\t\t\t\t\t\t\t\t\t\t\t\t\t\t\t\t\t\t\t<\/article>\n\n\t\t\t\t\t\t\t\t\t\t<article class=\"row\">\n\t\t\t\t\t\t\t\t\t\t\t\t\t\t\t\t\t\t\t\t\t\t\t<div class=\"p-0 g--bkg-dark-02 lg-2 col-6\">\n\t\t\t\t\t\t\t\t\t\t\t\t\t\t\t\t\t\t\t\t\t\t\t\t\t\t\t<div class=\"text-center py-1 text-white\">\n\t\t\t\t\t\t\t\t\t\t\t\t\t\t\t<div class=\"\"><\/div>\n\t\t\t\t\t\t\t\t\t\t\t\t\t\t\t\n\t\t\t\t\t\t\t\t\t\t\t\t\t\t\t<div class=\"text-small p-2\">23\/05 - 28\/06<\/div>\n\n\t\t\t\t\t\t\t\t\t\t\t\t\t\t\t<div class=\"p-2 font-weight-bold h4 text-center border-bottom-1 g--b-c-01 text-white\">\n\t\t\t\t\t\t\t\t\t\t\t\t\t\t\t\tde 56\u20ac \u00e0 83\u20ac\t\t\t\t\t\t\t\t\t\t\t\t\t\t\t\t\t\n\t\t\t\t\t\t\t\t\t\t\t\t\t\t\t<\/div>\n\t\t\t\t\t\t\t\t\t\t\t\t\t\t<\/div>\n\t\t\t\t\t\t\t\t\t\t\t\t\t\t\t\t\t\t\t\t\t\t\t\t\t\t\t\t\t\t\t\t\t\t\t\t\t\t\t<\/div>\n\t\t\t\t\t\t\t\t\t\t\t\t\t\t\t\t\t\t\t\t\t\t\t<div class=\"p-0 g--bkg-dark-02 lg-2 col-6\">\n\t\t\t\t\t\t\t\t\t\t\t\t\t\t\t\t\t\t\t\t\t\t\t\t\t\t\t<div class=\"text-center py-1 text-white\">\n\t\t\t\t\t\t\t\t\t\t\t\t\t\t\t<div class=\"\"><\/div>\n\t\t\t\t\t\t\t\t\t\t\t\t\t\t\t\n\t\t\t\t\t\t\t\t\t\t\t\t\t\t\t<div class=\"text-small p-2\">27\/06 - 02\/08<\/div>\n\n\t\t\t\t\t\t\t\t\t\t\t\t\t\t\t<div class=\"p-2 font-weight-bold h4 text-center border-bottom-1 g--b-c-01 text-white\">\n\t\t\t\t\t\t\t\t\t\t\t\t\t\t\t\tde 83\u20ac \u00e0 93\u20ac\t\t\t\t\t\t\t\t\t\t\t\t\t\t\t\t\t\n\t\t\t\t\t\t\t\t\t\t\t\t\t\t\t<\/div>\n\t\t\t\t\t\t\t\t\t\t\t\t\t\t<\/div>\n\t\t\t\t\t\t\t\t\t\t\t\t\t\t\t\t\t\t\t\t\t\t\t\t\t\t\t\t\t\t\t\t\t\t\t\t\t\t\t<\/div>\n\t\t\t\t\t\t\t\t\t\t\t\t\t\t\t\t\t\t\t\t\t\t\t<div class=\"p-0 g--bkg-dark-02 lg-2 col-6\">\n\t\t\t\t\t\t\t\t\t\t\t\t\t\t\t\t\t\t\t\t\t\t\t\t\t\t\t<div class=\"text-center py-1 text-white\">\n\t\t\t\t\t\t\t\t\t\t\t\t\t\t\t<div class=\"\"><\/div>\n\t\t\t\t\t\t\t\t\t\t\t\t\t\t\t\n\t\t\t\t\t\t\t\t\t\t\t\t\t\t\t<div class=\"text-small p-2\">01\/08 - 30\/08<\/div>\n\n\t\t\t\t\t\t\t\t\t\t\t\t\t\t\t<div class=\"p-2 font-weight-bold h4 text-center border-bottom-1 g--b-c-01 text-white\">\n\t\t\t\t\t\t\t\t\t\t\t\t\t\t\t\tde 81\u20ac \u00e0 111\u20ac\t\t\t\t\t\t\t\t\t\t\t\t\t\t\t\t\t\n\t\t\t\t\t\t\t\t\t\t\t\t\t\t\t<\/div>\n\t\t\t\t\t\t\t\t\t\t\t\t\t\t<\/div>\n\t\t\t\t\t\t\t\t\t\t\t\t\t\t\t\t\t\t\t\t\t\t\t\t\t\t\t\t\t\t\t\t\t\t\t\t\t\t\t<\/div>\n\t\t\t\t\t\t\t\t\t\t\t\t\t\t\t\t\t\t\t\t\t\t\t<div class=\"p-0 g--bkg-dark-02 lg-2 col-6\">\n\t\t\t\t\t\t\t\t\t\t\t\t\t\t\t\t\t\t\t\t\t\t\t\t\t\t\t<div class=\"text-center py-1 text-white\">\n\t\t\t\t\t\t\t\t\t\t\t\t\t\t\t<div class=\"\"><\/div>\n\t\t\t\t\t\t\t\t\t\t\t\t\t\t\t\n\t\t\t\t\t\t\t\t\t\t\t\t\t\t\t<div class=\"text-small p-2\">29\/08 - 20\/09<\/div>\n\n\t\t\t\t\t\t\t\t\t\t\t\t\t\t\t<div class=\"p-2 font-weight-bold h4 text-center border-bottom-1 g--b-c-01 text-white\">\n\t\t\t\t\t\t\t\t\t\t\t\t\t\t\t\tde 66\u20ac \u00e0 76\u20ac\t\t\t\t\t\t\t\t\t\t\t\t\t\t\t\t\t\n\t\t\t\t\t\t\t\t\t\t\t\t\t\t\t<\/div>\n\t\t\t\t\t\t\t\t\t\t\t\t\t\t<\/div>\n\t\t\t\t\t\t\t\t\t\t\t\t\t\t\t\t\t\t\t\t\t\t\t\t\t\t\t\t\t\t\t\t\t\t\t\t\t\t\t<\/div>\n\t\t\t\t\t\t\t\t\t\t\t\t\t\t\t\t\t\t\t\t\t<\/article>\n\t\t\t\t\t\t\t\t\t\t\t\t\t\t\t\t\t\t\t<article class=\"row\">\n\t\t\t\t\t\t\t\t\t\t\t<div class=\"col-12 g--bkg-dark-01 text-quaternary text-sm-center\">\n\n\t\t\t\t\t\t\t\t\t\t\t\t\t\t\t\t\t\t\t\t\t\t\t\t\t<h5 class=\"text-quaternary text-center py-1\">Pension compl\u00e8te<\/h5>\n\t\t\t\t\t\t\t\t\t\t\t\t\t\t\t\t\t\t\t\t\t\t\t\t\t\t\t\t\t\t\t\t\t\t\t\t\t<span class=\"text-quaternary text-center py-1\"><\/span>\n\t\t\t\t\t\t\t\t\t\t\t\t\n\t\t\t\t\t\t\t\t\t\t\t<\/div>\n\t\t\t\t\t\t\t\t\t\t\t\t\t\t\t\t\t\t\t\t\t<\/article>\n\n\t\t\t\t\t\t\t\t\t\t<article class=\"row\">\n\t\t\t\t\t\t\t\t\t\t\t\t\t\t\t\t\t\t\t\t\t\t\t<div class=\"p-0 g--bkg-dark-02 lg-2 col-6\">\n\t\t\t\t\t\t\t\t\t\t\t\t\t\t\t\t\t\t\t\t\t\t\t\t\t\t\t<div class=\"text-center py-1 text-white\">\n\t\t\t\t\t\t\t\t\t\t\t\t\t\t\t<div class=\"\"><\/div>\n\t\t\t\t\t\t\t\t\t\t\t\t\t\t\t\n\t\t\t\t\t\t\t\t\t\t\t\t\t\t\t<div class=\"text-small p-2\">23\/05 - 28\/06<\/div>\n\n\t\t\t\t\t\t\t\t\t\t\t\t\t\t\t<div class=\"p-2 font-weight-bold h4 text-center border-bottom-1 g--b-c-01 text-white\">\n\t\t\t\t\t\t\t\t\t\t\t\t\t\t\t\tde 63\u20ac \u00e0 90\u20ac\t\t\t\t\t\t\t\t\t\t\t\t\t\t\t\t\t\n\t\t\t\t\t\t\t\t\t\t\t\t\t\t\t<\/div>\n\t\t\t\t\t\t\t\t\t\t\t\t\t\t<\/div>\n\t\t\t\t\t\t\t\t\t\t\t\t\t\t\t\t\t\t\t\t\t\t\t\t\t\t\t\t\t\t\t\t\t\t\t\t\t\t\t<\/div>\n\t\t\t\t\t\t\t\t\t\t\t\t\t\t\t\t\t\t\t\t\t\t\t<div class=\"p-0 g--bkg-dark-02 lg-2 col-6\">\n\t\t\t\t\t\t\t\t\t\t\t\t\t\t\t\t\t\t\t\t\t\t\t\t\t\t\t<div class=\"text-center py-1 text-white\">\n\t\t\t\t\t\t\t\t\t\t\t\t\t\t\t<div class=\"\"><\/div>\n\t\t\t\t\t\t\t\t\t\t\t\t\t\t\t\n\t\t\t\t\t\t\t\t\t\t\t\t\t\t\t<div class=\"text-small p-2\">27\/06 - 02\/08<\/div>\n\n\t\t\t\t\t\t\t\t\t\t\t\t\t\t\t<div class=\"p-2 font-weight-bold h4 text-center border-bottom-1 g--b-c-01 text-white\">\n\t\t\t\t\t\t\t\t\t\t\t\t\t\t\t\tde 90 \u00e0 100 euros\t\t\t\t\t\t\t\t\t\t\t\t\t\t\t\t\t\n\t\t\t\t\t\t\t\t\t\t\t\t\t\t\t<\/div>\n\t\t\t\t\t\t\t\t\t\t\t\t\t\t<\/div>\n\t\t\t\t\t\t\t\t\t\t\t\t\t\t\t\t\t\t\t\t\t\t\t\t\t\t\t\t\t\t\t\t\t\t\t\t\t\t\t<\/div>\n\t\t\t\t\t\t\t\t\t\t\t\t\t\t\t\t\t\t\t\t\t\t\t<div class=\"p-0 g--bkg-dark-02 lg-2 col-6\">\n\t\t\t\t\t\t\t\t\t\t\t\t\t\t\t\t\t\t\t\t\t\t\t\t\t\t\t<div class=\"text-center py-1 text-white\">\n\t\t\t\t\t\t\t\t\t\t\t\t\t\t\t<div class=\"\"><\/div>\n\t\t\t\t\t\t\t\t\t\t\t\t\t\t\t\n\t\t\t\t\t\t\t\t\t\t\t\t\t\t\t<div class=\"text-small p-2\">01\/08 - 30\/08<\/div>\n\n\t\t\t\t\t\t\t\t\t\t\t\t\t\t\t<div class=\"p-2 font-weight-bold h4 text-center border-bottom-1 g--b-c-01 text-white\">\n\t\t\t\t\t\t\t\t\t\t\t\t\t\t\t\tde 88\u20ac \u00e0 118\u20ac\t\t\t\t\t\t\t\t\t\t\t\t\t\t\t\t\t\n\t\t\t\t\t\t\t\t\t\t\t\t\t\t\t<\/div>\n\t\t\t\t\t\t\t\t\t\t\t\t\t\t<\/div>\n\t\t\t\t\t\t\t\t\t\t\t\t\t\t\t\t\t\t\t\t\t\t\t\t\t\t\t\t\t\t\t\t\t\t\t\t\t\t\t<\/div>\n\t\t\t\t\t\t\t\t\t\t\t\t\t\t\t\t\t\t\t\t\t\t\t<div class=\"p-0 g--bkg-dark-02 lg-2 col-6\">\n\t\t\t\t\t\t\t\t\t\t\t\t\t\t\t\t\t\t\t\t\t\t\t\t\t\t\t<div class=\"text-center py-1 text-white\">\n\t\t\t\t\t\t\t\t\t\t\t\t\t\t\t<div class=\"\"><\/div>\n\t\t\t\t\t\t\t\t\t\t\t\t\t\t\t\n\t\t\t\t\t\t\t\t\t\t\t\t\t\t\t<div class=\"text-small p-2\">29\/08 - 20\/09<\/div>\n\n\t\t\t\t\t\t\t\t\t\t\t\t\t\t\t<div class=\"p-2 font-weight-bold h4 text-center border-bottom-1 g--b-c-01 text-white\">\n\t\t\t\t\t\t\t\t\t\t\t\t\t\t\t\tde 73\u20ac \u00e0 83\u20ac\t\t\t\t\t\t\t\t\t\t\t\t\t\t\t\t\t\n\t\t\t\t\t\t\t\t\t\t\t\t\t\t\t<\/div>\n\t\t\t\t\t\t\t\t\t\t\t\t\t\t<\/div>\n\t\t\t\t\t\t\t\t\t\t\t\t\t\t\t\t\t\t\t\t\t\t\t\t\t\t\t\t\t\t\t\t\t\t\t\t\t\t\t<\/div>\n\t\t\t\t\t\t\t\t\t\t\t\t\t\t\t\t\t\t\t\t\t<\/article>\n\t\t\t\t\t\t\t\t\t\t\t\t\t\t\t\t\t\t\t<article class=\"row\">\n\t\t\t\t\t\t\t\t\t\t\t<div class=\"col-12 g--bkg-dark-01 text-quaternary text-sm-center\">\n\n\t\t\t\t\t\t\t\t\t\t\t\t\t\t\t\t\t\t\t\t\t\t\t\t\t<h5 class=\"text-quaternary text-center py-1\">tout compris<\/h5>\n\t\t\t\t\t\t\t\t\t\t\t\t\t\t\t\t\t\t\t\t\t\t\t\t\t\t\t\t\t\t\t\t\t\t\t\t\t<span class=\"text-quaternary text-center py-1\"><\/span>\n\t\t\t\t\t\t\t\t\t\t\t\t\n\t\t\t\t\t\t\t\t\t\t\t<\/div>\n\t\t\t\t\t\t\t\t\t\t\t\t\t\t\t\t\t\t\t\t\t<\/article>\n\n\t\t\t\t\t\t\t\t\t\t<article class=\"row\">\n\t\t\t\t\t\t\t\t\t\t\t\t\t\t\t\t\t\t\t\t\t\t\t<div class=\"p-0 g--bkg-dark-02 lg-2 col-6\">\n\t\t\t\t\t\t\t\t\t\t\t\t\t\t\t\t\t\t\t\t\t\t\t\t\t\t\t<div class=\"text-center py-1 text-white\">\n\t\t\t\t\t\t\t\t\t\t\t\t\t\t\t<div class=\"\"><\/div>\n\t\t\t\t\t\t\t\t\t\t\t\t\t\t\t\n\t\t\t\t\t\t\t\t\t\t\t\t\t\t\t<div class=\"text-small p-2\">23\/05 - 28\/06<\/div>\n\n\t\t\t\t\t\t\t\t\t\t\t\t\t\t\t<div class=\"p-2 font-weight-bold h4 text-center border-bottom-1 g--b-c-01 text-white\">\n\t\t\t\t\t\t\t\t\t\t\t\t\t\t\t\tde 75\u20ac \u00e0 102\u20ac\t\t\t\t\t\t\t\t\t\t\t\t\t\t\t\t\t\n\t\t\t\t\t\t\t\t\t\t\t\t\t\t\t<\/div>\n\t\t\t\t\t\t\t\t\t\t\t\t\t\t<\/div>\n\t\t\t\t\t\t\t\t\t\t\t\t\t\t\t\t\t\t\t\t\t\t\t\t\t\t\t\t\t\t\t\t\t\t\t\t\t\t\t<\/div>\n\t\t\t\t\t\t\t\t\t\t\t\t\t\t\t\t\t\t\t\t\t\t\t<div class=\"p-0 g--bkg-dark-02 lg-2 col-6\">\n\t\t\t\t\t\t\t\t\t\t\t\t\t\t\t\t\t\t\t\t\t\t\t\t\t\t\t<div class=\"text-center py-1 text-white\">\n\t\t\t\t\t\t\t\t\t\t\t\t\t\t\t<div class=\"\"><\/div>\n\t\t\t\t\t\t\t\t\t\t\t\t\t\t\t\n\t\t\t\t\t\t\t\t\t\t\t\t\t\t\t<div class=\"text-small p-2\">27\/06 - 02\/08<\/div>\n\n\t\t\t\t\t\t\t\t\t\t\t\t\t\t\t<div class=\"p-2 font-weight-bold h4 text-center border-bottom-1 g--b-c-01 text-white\">\n\t\t\t\t\t\t\t\t\t\t\t\t\t\t\t\tde 102\u20ac \u00e0 112\u20ac\t\t\t\t\t\t\t\t\t\t\t\t\t\t\t\t\t\n\t\t\t\t\t\t\t\t\t\t\t\t\t\t\t<\/div>\n\t\t\t\t\t\t\t\t\t\t\t\t\t\t<\/div>\n\t\t\t\t\t\t\t\t\t\t\t\t\t\t\t\t\t\t\t\t\t\t\t\t\t\t\t\t\t\t\t\t\t\t\t\t\t\t\t<\/div>\n\t\t\t\t\t\t\t\t\t\t\t\t\t\t\t\t\t\t\t\t\t\t\t<div class=\"p-0 g--bkg-dark-02 lg-2 col-6\">\n\t\t\t\t\t\t\t\t\t\t\t\t\t\t\t\t\t\t\t\t\t\t\t\t\t\t\t<div class=\"text-center py-1 text-white\">\n\t\t\t\t\t\t\t\t\t\t\t\t\t\t\t<div class=\"\"><\/div>\n\t\t\t\t\t\t\t\t\t\t\t\t\t\t\t\n\t\t\t\t\t\t\t\t\t\t\t\t\t\t\t<div class=\"text-small p-2\">01\/08 - 30\/08<\/div>\n\n\t\t\t\t\t\t\t\t\t\t\t\t\t\t\t<div class=\"p-2 font-weight-bold h4 text-center border-bottom-1 g--b-c-01 text-white\">\n\t\t\t\t\t\t\t\t\t\t\t\t\t\t\t\tde 100\u20ac \u00e0 130\u20ac\t\t\t\t\t\t\t\t\t\t\t\t\t\t\t\t\t\n\t\t\t\t\t\t\t\t\t\t\t\t\t\t\t<\/div>\n\t\t\t\t\t\t\t\t\t\t\t\t\t\t<\/div>\n\t\t\t\t\t\t\t\t\t\t\t\t\t\t\t\t\t\t\t\t\t\t\t\t\t\t\t\t\t\t\t\t\t\t\t\t\t\t\t<\/div>\n\t\t\t\t\t\t\t\t\t\t\t\t\t\t\t\t\t\t\t\t\t\t\t<div class=\"p-0 g--bkg-dark-02 lg-2 col-6\">\n\t\t\t\t\t\t\t\t\t\t\t\t\t\t\t\t\t\t\t\t\t\t\t\t\t\t\t<div class=\"text-center py-1 text-white\">\n\t\t\t\t\t\t\t\t\t\t\t\t\t\t\t<div class=\"\"><\/div>\n\t\t\t\t\t\t\t\t\t\t\t\t\t\t\t\n\t\t\t\t\t\t\t\t\t\t\t\t\t\t\t<div class=\"text-small p-2\">29\/08 - 20\/09<\/div>\n\n\t\t\t\t\t\t\t\t\t\t\t\t\t\t\t<div class=\"p-2 font-weight-bold h4 text-center border-bottom-1 g--b-c-01 text-white\">\n\t\t\t\t\t\t\t\t\t\t\t\t\t\t\t\tde 85\u20ac \u00e0 95\u20ac\t\t\t\t\t\t\t\t\t\t\t\t\t\t\t\t\t\n\t\t\t\t\t\t\t\t\t\t\t\t\t\t\t<\/div>\n\t\t\t\t\t\t\t\t\t\t\t\t\t\t<\/div>\n\t\t\t\t\t\t\t\t\t\t\t\t\t\t\t\t\t\t\t\t\t\t\t\t\t\t\t\t\t\t\t\t\t\t\t\t\t\t\t<\/div>\n\t\t\t\t\t\t\t\t\t\t\t\t\t\t\t\t\t\t\t\t\t<\/article>\n\t\t\t\t\t\t\t\t\t\t\t\t\t\t\t\t<div class=\"py-3\">\n\t\t\t\t\t\t\t\t\t\t\t\t\t\t\t\t\t<h3 class=\"\">Notes sur la liste de prix <\/h3>\t\n\t\t\t\t\t\t\t\t\t\t\t\t\t\t\t\t\t\t\t\t\t\t\t\t\t\t\t<div class=\"text-primary mb-1\">\n\t\t\t\t\t\t\t\t\t\t\t<p>Les prix sont par jour et par personne, pour un s\u00e9jour minimum de 3 jours et comprennent la pension compl\u00e8te (eau avec repas inclus), menu double, petit d\u00e9jeuner et buffet de l\u00e9gumes, des chambres avec balcon et douche, wi-fi, air conditionn\u00e9, coffre-fort, salle de bains privative, t\u00e9l\u00e9phone et TV-conduit. Climatisation dans tous les espaces, v\u00e9los, et une terrasse avec Jacuzzi. La chambre est disponible \u00e0 partir de 12 heures le jour de l'arriv\u00e9e jusqu'\u00e0 10h le jour du d\u00e9part.<\/p><p><br><\/p><p>Taxe de s\u00e9jour \u00e0 l'int\u00e9rieur et de 2,50 \u20ac \/ jour uniquement sur l'adulte et pour les 7 premiers jours de s\u00e9jour.<\/p><p><br><\/p><p>R\u00e9ductions et suppl\u00e9ments :<\/p><p>- Tout compris : + \u20ac 12.00 (uniquement sur l'adulte et comprend vin de la maison ou des boissons gazeuses, des chaises et des parasols sur la plage)<\/p><p>- Chambre simple : + 8,00 \u20ac<\/p><p>- Demi-pension : - \u20ac 7,00 adultes ( - \u20ac 3,00 enfants)<\/p><p><br><\/p><p>Prix pour les enfants<\/p><p>enfants 3\/5 ans de 23 \u00e0 34 \u20ac par enfant<\/p><p>enfants 6\/9 ans de 27 \u00e0 43 \u20ac par enfant<\/p><p><br><\/p><p>Les enfants ont droit \u00e0 la remise s'ils occupent le troisi\u00e8me lit.<\/p><p>Enfants de 0 \u00e0 3 ans Prix selon accord<\/p><p>2 enfants de moins de 10 ans partageant la chambre avec les parents paient pour un tarif adulte.<\/p>\t\t\t\t\t\t\t\t\t\t<\/div>\n\t\t\t\t\t\t\t\t\t\t\n\t\t\t\t\t\t\t<\/div>\n\t\t\t\t\t\t\t\t\t\t<\/div> \t\t<\/div>\n\t<\/div>\n    <\/div>\n<\/div>\n<\/section>","protected":false},"excerpt":{"rendered":"","protected":false},"author":1,"featured_media":0,"parent":0,"menu_order":0,"comment_status":"closed","ping_status":"closed","template":"","meta":{"footnotes":""},"class_list":["post-28","page","type-page","status-publish","hentry"],"_links":{"self":[{"href":"https:\/\/www.newclubhotel.com\/fr\/wp-json\/wp\/v2\/pages\/28","targetHints":{"allow":["GET"]}}],"collection":[{"href":"https:\/\/www.newclubhotel.com\/fr\/wp-json\/wp\/v2\/pages"}],"about":[{"href":"https:\/\/www.newclubhotel.com\/fr\/wp-json\/wp\/v2\/types\/page"}],"author":[{"embeddable":true,"href":"https:\/\/www.newclubhotel.com\/fr\/wp-json\/wp\/v2\/users\/1"}],"replies":[{"embeddable":true,"href":"https:\/\/www.newclubhotel.com\/fr\/wp-json\/wp\/v2\/comments?post=28"}],"version-history":[{"count":23,"href":"https:\/\/www.newclubhotel.com\/fr\/wp-json\/wp\/v2\/pages\/28\/revisions"}],"predecessor-version":[{"id":791,"href":"https:\/\/www.newclubhotel.com\/fr\/wp-json\/wp\/v2\/pages\/28\/revisions\/791"}],"wp:attachment":[{"href":"https:\/\/www.newclubhotel.com\/fr\/wp-json\/wp\/v2\/media?parent=28"}],"curies":[{"name":"wp","href":"https:\/\/api.w.org\/{rel}","templated":true}]}}