{"id":24,"date":"2021-05-19T09:15:00","date_gmt":"2021-05-19T07:15:00","guid":{"rendered":"http:\/\/www.newclubhotel.com\/?page_id=24"},"modified":"2021-05-27T14:22:58","modified_gmt":"2021-05-27T12:22:58","slug":"fiere-e-congressi","status":"publish","type":"page","link":"https:\/\/www.newclubhotel.com\/fr\/fiere-e-congressi\/","title":{"rendered":"Foires et congr\u00e8s"},"content":{"rendered":"<div id=\"flc-carousel\" data-cellalign=\"center\" data-bglazyload=\"1\" data-freescroll=\"true\" data-wraparound=\"true\" data-autoplay=\"2000\" data-pauseautoplayonhover =\"true\" data-prevnextbuttons=\"false\" data-contain=\"true\" data-pagedots=\"false\" data-draggable=\"false\" data-groupcells=\"1\" data-fade=\"true\" class=\"js--flickity wao-blocks-slider pb-5 flc-carousel-76340\"  >\n\n                            <div class=\"w-100\">\n                    \n    <div style='background: url(http:\/\/www.newclubhotel.com\/wp-content\/uploads\/2021\/05\/hotel-newclub-reception-02.jpg)center center ; background-blend-mode: multiply; background-size: cover; height: 80vh; background-position: 50% 50%;' class='wao-blocks-flc-banner'>\n        <div \n            class='carousel-caption mobile-tablet-centered right-0 m-0 ml-auto' \n            data-cof=\"true\" data-cof-rule=\"padding, 2rem, 2rem, 2rem, 2rem, 2rem\"             style='max-width: 600px; bottom: 0%; background-color:  rgba(33,106,161,0.7); margin:  auto            '>\n            \n\n<h1 class=\"has-text-align-center text-white text-uppercase wp-block-heading\">VACANCES D'AFFAIRES<\/h1>\n\n        <\/div>\n        <style>\n            @media screen and (max-width: 992px) {\n                .mobile-tablet-centered {\n                    margin: auto !important;\n                }\n            }\n        <\/style>\n    <\/div>\n    \n                <\/div>\n            \n<\/div>\n\n<section class=\"wao-blocks-container container mb-5 pt-5\"\n\t\t>\n    \n<div class=\"wao-blocks-row row\" >\n    \n\n<div class=\"col-12 col-md-12 text-center\"\n     \n\t \n\t>\n        \n\n<h2 class=\"wp-block-heading\">Foires et congr\u00e8s<\/h2>\n\n\n\n<div class=\"wao-blocks-immagine-src pb-3\" \n    >\n                    <img decoding=\"async\" src=\"http:\/\/www.newclubhotel.com\/wp-content\/uploads\/2021\/05\/divider-newclub.svg\"  class=\"pb-3 max-w-250\"  alt=\"diviseur-newclub\">\n    <\/div>\n\n\n<h3 class=\"pb-3 wp-block-heading\">Les services habituels \u00e9galement pour les voyages d'affaires<\/h3>\n\n\n\n<p>Si vous vous trouvez \u00e0 Rimini pour affaires et que vous devez assister \u00e0 un <strong>foires et congr\u00e8s<\/strong>Hotel New Club deviendra votre point de r\u00e9f\u00e9rence ! Pendant la<strong>hiver<\/strong> nous sommes toujours <strong>ouvrir<\/strong> pendant les \u00e9v\u00e9nements qui se d\u00e9roulent \u00e0 la Foire ou au Palacongressi, avec nos services et nos offres commerciales.<\/p>\n\n    <\/div>\n<\/div>\n<\/section>\n\n<section class=\"wao-blocks-container container mb-5\"\n\t\t>\n    \n<div class=\"wao-blocks-row row\" >\n    \n\n<div class=\"col-12 col-lg-6 px-0 order-lg-1 order-1\"\n     \n\t \n\t>\n        \n    <figure\n        class=\"wao-blocks-immagine-bkg\"\n        style=\"background: url('http:\/\/www.newclubhotel.com\/wp-content\/uploads\/2021\/05\/hotel-newclub-reception-01-1024x683.jpg') center center \/ cover no-repeat;\"\n        data-cof=\"true\" data-cof-rule=\"min-height, 350px, 350px, 400px, 100%, 100%\" >\n            <\/figure>\n\n    <\/div>\n\n\n<div class=\"col-12 col-lg-6 p-5 g--bkg-dark-02 order-lg-2 order-2\"\n     \n\t \n\t>\n        \n\n<h2 class=\"text-white pb-3 wp-block-heading\">Voyages d'affaires<\/h2>\n\n\n\n<h3 class=\"text-white pb-3 wp-block-heading\">Emplacement central pr\u00e8s de la Foire et du Palacongressi<\/h3>\n\n\n\n<p class=\"text-white\">Notre h\u00f4tel est situ\u00e9 dans un <strong>emplacement central et strat\u00e9gique<\/strong>: pr\u00e8s de la <strong>Palacongressi<\/strong> que l'on peut \u00e9galement atteindre en faisant une belle promenade dans le parc, tandis que les <strong>Foire<\/strong> est \u00e0 environ 4 miles de nous.<\/p>\n\n\n\n<p class=\"text-white\">Ceux qui pr\u00e9f\u00e8rent voyager en <strong>les transports publics<\/strong> \u00e0 l'occasion des congr\u00e8s \u00e0 Rimini, vous n'aurez aucune difficult\u00e9 \u00e0 utiliser les bus de la ville pour vous rendre au Palacongressi, gr\u00e2ce aux principaux arr\u00eats situ\u00e9s non loin de notre h\u00f4tel. Tr\u00e8s pratique \u00e9galement, le nouveau Metromare qui vous permettra de rejoindre rapidement la gare de Rimini et de prendre le train qui vous laissera directement \u00e0 l'ext\u00e9rieur de la Foire.<\/p>\n\n\n\n<p class=\"text-white\">Et beaucoup de choses savoureuses <strong>restaurants<\/strong> disponible pour vos pauses d\u00e9jeuner lorsque vous choisissez de ne pas retourner \u00e0 l'h\u00f4tel.<\/p>\n\n    <\/div>\n<\/div>\n<\/section>\n\n<section class=\"wao-blocks-container container mb-5\"\n\t\t>\n    \n<div class=\"wao-blocks-row row\" >\n    \n\n<div class=\"col-12 col-lg-6 p-5 g--bkg-dark-02 order-lg-1 order-2\"\n     \n\t \n\t>\n        \n\n<h2 class=\"text-white pb-3 wp-block-heading\">Offres commerciales<\/h2>\n\n\n\n<h3 class=\"text-white pb-3 wp-block-heading\">Les voyages d'affaires sont \u00e9galement importants pour nous<\/h3>\n\n\n\n<p class=\"text-white\"><strong>Offres<\/strong> con\u00e7u pour tous ceux qui <strong>ils voyagent pour le travail<\/strong> lors de foires et d'\u00e9v\u00e9nements nationaux et internationaux \u00e0 Rimini.<\/p>\n\n\n\n<p class=\"text-white\">Travaillez confortablement \u00e0 l'h\u00f4tel tout en profitant du calme et de la tranquillit\u00e9 : notre puissante connexion Wi-Fi atteint toutes les zones de l'h\u00f4tel, y compris les chambres.<\/p>\n\n\n\n<p class=\"text-white\">Tous les autres <strong>services<\/strong> de l'h\u00f4tel sont toujours \u00e0 votre disposition !<\/p>\n\n    <\/div>\n\n\n<div class=\"col-12 col-lg-6 px-0 order-lg-2 order-1\"\n     \n\t \n\t>\n        \n    <figure\n        class=\"wao-blocks-immagine-bkg\"\n        style=\"background: url('http:\/\/www.newclubhotel.com\/wp-content\/uploads\/2021\/05\/business-offerte-2.jpg') center center \/ cover no-repeat;\"\n        data-cof=\"true\" data-cof-rule=\"min-height, 350px, 350px, 400px, 100%, 100%\" >\n            <\/figure>\n\n    <\/div>\n<\/div>\n<\/section>\n\n\n<p><\/p>\n\n\n<section class=\"wao-blocks-container container mb-5 py-3\"\n\t\t>\n    \n<div class=\"wao-blocks-row row\" >\n    \n\n<div class=\"col-12 col-md-12\"\n     \n\t \n\t>\n        \n\n<h2 class=\"text-center wp-block-heading\">Notre site <strong>offre<\/strong><\/h2>\n\n\n\n<div class=\"wao-blocks-immagine-src text-center pb-3\" \n    >\n                    <img decoding=\"async\" src=\"http:\/\/www.newclubhotel.com\/wp-content\/uploads\/2021\/05\/divider-newclub.svg\"  class=\"max-w-250\"  alt=\"diviseur-newclub\">\n    <\/div>\n\n\n\t\n\t\t<div class=\"wao-blocks-offerte-slider-v1\">\n\n\t\t\t\t\t<!-- controllo Slide  -->\n\t\t\t\t\t<div class=\"js--slider\" data-arrows=\"false\" data-dots=\"true\" data-autoplay=\"true\" data-slidestoshow=\"2\" data-slidestoshowsm=\"1\" data-slidestoshowxs=\"1\">\n\t\t\t\t\t\t<!-- ciclo di ogni offerta -->\n\t\t\t\t\n<div class=\"g--bkg-dark-04 m-2 h-100\">\n    <!-- contenitore testi cBox2 -->\n    <div class=\"text-center\">\n        <!-- contenitore titolo -->\n        <div class=\"mx-auto py-3 d-flex flex-column\" style=\"min-height: 140px;\">\n            <a href=\"https:\/\/www.newclubhotel.com\/fr\/offerte\/offerta-giugno-all-inclusive-a-rimini-88960.php\" class=\"text-white h4\">Offre de juin tout compris \u00e0 Rimini<\/a>\n\t\t\t<!-- contenitore date -->\n        <div class=\"text-white text-small mt-auto\"><span>du 23.05.2026 au 21.06.2026<\/span><\/div>\n        <!-- fine contenitore date -->\n        <\/div>\n        <!-- contenitore prezzo -->\n        <div class=\"p-2 text-white g--bkg-dark-01\">\n\t\t\t<div>de <span class=\"font-weight-bold display-4\">70\u20ac<\/span><\/div>\n        <\/div>\n        <!-- fine contenitore prezzo -->\n\t\t<!-- contenitore immagine -->\n    <div class=\"mx-auto l--position-relative barret-88963\" style=\"background-size: cover; height: 250px; overflow:hidden;\">\n    \t<!-- inizio timer -->\n\t\t<div class=\"hidden-xl-down g--bkg-light-04 l--position-absolute l--top l--right p-2 text-primary timer l--b-a-1 border g--b-c-03\" style=\"z-index:800!important;\" id=\"timer_88963\">\n\t\t\t<div class=\"text-sm-center text-warning font-weight-bold text-uppercase\">L'offre expire en<\/div>\n\t\t\t<div class=\"\" style=\"display:flex\">\n\t\t\t\t<div class=\"l--p-a-12 g--bkg-light-02 l--m-a-12\">\n\t\t\t\t\t<span class=\"days\"><\/span> <span class=\"text-small\">gg<\/span>\n\t\t\t\t<\/div>\n\t\t\t\t<div class=\"l--p-a-12 g--bkg-light-02 l--m-a-12\">\n\t\t\t\t\t<span class=\"hours\"><\/span> <span class=\"text-small\">hh<\/span>\n\t\t\t\t<\/div>\n\t\t\t\t<div class=\"l--p-a-12 g--bkg-light-02 l--m-a-12\">\n\t\t\t\t\t<span class=\"minutes\"><\/span> <span class=\"text-small\">mm<\/span>\n\t\t\t\t<\/div>\n\t\t\t\t<div class=\"l--p-a-12 g--bkg-light-02 l--m-a-12\">\n\t\t\t\t\t<span class=\"seconds\"><\/span> <span class=\"text-small\">ss<\/span>\n\t\t\t\t<\/div>\n\t\t\t<\/div>\n\t\t<\/div>\n\t\t<script type=\"text\/javascript\">setTimeout(function(){ CountDownOfferte('21\/06\/2026', 'timer_88963'); }, 5000); BkgImgOfferta('https:\/\/static.adriasonline.it\/barret\/make\/offerte\/2040\/dettaglio\/img_88960.jpg?w=520&h=250&q=80&fit=crop', '88963', 'cover');<\/script>\n    \t<!-- fine timer -->\n    <\/div>\n    <!-- fine contenitore immagine -->\n        <!-- contenitore bottone -->\n        <div class=\"py-3\">\n            <a class=\"btn btn-primary rounded-0 text-uppercase\" href=\"https:\/\/www.newclubhotel.com\/fr\/offerte\/offerta-giugno-all-inclusive-a-rimini-88960.php\" title=\"R\u00e9servez votre \u00e9t\u00e9 en janvier et \u00e9conomisez\">d\u00e9couvrez<\/a>\n        <\/div>\n        <!-- fine contenitore bottone -->\n    <\/div>\n    <!-- fine contenitore testi cBox2 -->\n<\/div>\n\n<div class=\"g--bkg-dark-04 m-2 h-100\">\n    <!-- contenitore testi cBox2 -->\n    <div class=\"text-center\">\n        <!-- contenitore titolo -->\n        <div class=\"mx-auto py-3 d-flex flex-column\" style=\"min-height: 140px;\">\n            <a href=\"https:\/\/www.newclubhotel.com\/fr\/offerte\/offerta-ponte-2-giugno-a-rimini-131509.php\" class=\"text-white h4\">Offrir un pont le 2 juin \u00e0 Rimini<\/a>\n\t\t\t<!-- contenitore date -->\n        <div class=\"text-white text-small mt-auto\"><span>du 29.05.2026 au 03.06.2026<\/span><\/div>\n        <!-- fine contenitore date -->\n        <\/div>\n        <!-- contenitore prezzo -->\n        <div class=\"p-2 text-white g--bkg-dark-01\">\n\t\t\t<div>de <span class=\"font-weight-bold display-4\">69\u20ac<\/span><\/div>\n        <\/div>\n        <!-- fine contenitore prezzo -->\n\t\t<!-- contenitore immagine -->\n    <div class=\"mx-auto l--position-relative barret-131512\" style=\"background-size: cover; height: 250px; overflow:hidden;\">\n    \t<!-- inizio timer -->\n\t\t<div class=\"hidden-xl-down g--bkg-light-04 l--position-absolute l--top l--right p-2 text-primary timer l--b-a-1 border g--b-c-03\" style=\"z-index:800!important;\" id=\"timer_131512\">\n\t\t\t<div class=\"text-sm-center text-warning font-weight-bold text-uppercase\">L'offre expire en<\/div>\n\t\t\t<div class=\"\" style=\"display:flex\">\n\t\t\t\t<div class=\"l--p-a-12 g--bkg-light-02 l--m-a-12\">\n\t\t\t\t\t<span class=\"days\"><\/span> <span class=\"text-small\">gg<\/span>\n\t\t\t\t<\/div>\n\t\t\t\t<div class=\"l--p-a-12 g--bkg-light-02 l--m-a-12\">\n\t\t\t\t\t<span class=\"hours\"><\/span> <span class=\"text-small\">hh<\/span>\n\t\t\t\t<\/div>\n\t\t\t\t<div class=\"l--p-a-12 g--bkg-light-02 l--m-a-12\">\n\t\t\t\t\t<span class=\"minutes\"><\/span> <span class=\"text-small\">mm<\/span>\n\t\t\t\t<\/div>\n\t\t\t\t<div class=\"l--p-a-12 g--bkg-light-02 l--m-a-12\">\n\t\t\t\t\t<span class=\"seconds\"><\/span> <span class=\"text-small\">ss<\/span>\n\t\t\t\t<\/div>\n\t\t\t<\/div>\n\t\t<\/div>\n\t\t<script type=\"text\/javascript\">setTimeout(function(){ CountDownOfferte('03\/06\/2026', 'timer_131512'); }, 5000); BkgImgOfferta('https:\/\/static.adriasonline.it\/barret\/make\/offerte\/2040\/dettaglio\/img_131509.jpg?w=520&h=250&q=80&fit=crop', '131512', 'cover');<\/script>\n    \t<!-- fine timer -->\n    <\/div>\n    <!-- fine contenitore immagine -->\n        <!-- contenitore bottone -->\n        <div class=\"py-3\">\n            <a class=\"btn btn-primary rounded-0 text-uppercase\" href=\"https:\/\/www.newclubhotel.com\/fr\/offerte\/offerta-ponte-2-giugno-a-rimini-131509.php\" title=\"R\u00e9servez votre \u00e9t\u00e9 en janvier et \u00e9conomisez\">d\u00e9couvrez<\/a>\n        <\/div>\n        <!-- fine contenitore bottone -->\n    <\/div>\n    <!-- fine contenitore testi cBox2 -->\n<\/div>\n\n<div class=\"g--bkg-dark-04 m-2 h-100\">\n    <!-- contenitore testi cBox2 -->\n    <div class=\"text-center\">\n        <!-- contenitore titolo -->\n        <div class=\"mx-auto py-3 d-flex flex-column\" style=\"min-height: 140px;\">\n            <a href=\"https:\/\/www.newclubhotel.com\/fr\/offerte\/offerta-ponte-del-1-maggio-a-rimini-139693.php\" class=\"text-white h4\">Sp\u00e9cial ponts du 1er Mai \u00e0 Rimini<\/a>\n\t\t\t<!-- contenitore date -->\n        <div class=\"text-white text-small mt-auto\"><span>du 30.04.2026 au 03.05.2026<\/span><\/div>\n        <!-- fine contenitore date -->\n        <\/div>\n        <!-- contenitore prezzo -->\n        <div class=\"p-2 text-white g--bkg-dark-01\">\n\t\t\t<div>de <span class=\"font-weight-bold display-4\">45\u20ac<\/span><\/div>\n        <\/div>\n        <!-- fine contenitore prezzo -->\n\t\t<!-- contenitore immagine -->\n    <div class=\"mx-auto l--position-relative barret-139696\" style=\"background-size: cover; height: 250px; overflow:hidden;\">\n    \t<!-- inizio timer -->\n\t\t<div class=\"hidden-xl-down g--bkg-light-04 l--position-absolute l--top l--right p-2 text-primary timer l--b-a-1 border g--b-c-03\" style=\"z-index:800!important;\" id=\"timer_139696\">\n\t\t\t<div class=\"text-sm-center text-warning font-weight-bold text-uppercase\">L'offre expire en<\/div>\n\t\t\t<div class=\"\" style=\"display:flex\">\n\t\t\t\t<div class=\"l--p-a-12 g--bkg-light-02 l--m-a-12\">\n\t\t\t\t\t<span class=\"days\"><\/span> <span class=\"text-small\">gg<\/span>\n\t\t\t\t<\/div>\n\t\t\t\t<div class=\"l--p-a-12 g--bkg-light-02 l--m-a-12\">\n\t\t\t\t\t<span class=\"hours\"><\/span> <span class=\"text-small\">hh<\/span>\n\t\t\t\t<\/div>\n\t\t\t\t<div class=\"l--p-a-12 g--bkg-light-02 l--m-a-12\">\n\t\t\t\t\t<span class=\"minutes\"><\/span> <span class=\"text-small\">mm<\/span>\n\t\t\t\t<\/div>\n\t\t\t\t<div class=\"l--p-a-12 g--bkg-light-02 l--m-a-12\">\n\t\t\t\t\t<span class=\"seconds\"><\/span> <span class=\"text-small\">ss<\/span>\n\t\t\t\t<\/div>\n\t\t\t<\/div>\n\t\t<\/div>\n\t\t<script type=\"text\/javascript\">setTimeout(function(){ CountDownOfferte('03\/05\/2026', 'timer_139696'); }, 5000); BkgImgOfferta('https:\/\/static.adriasonline.it\/barret\/make\/offerte\/2040\/dettaglio\/img_139693.jpg?w=520&h=250&q=80&fit=crop', '139696', 'cover');<\/script>\n    \t<!-- fine timer -->\n    <\/div>\n    <!-- fine contenitore immagine -->\n        <!-- contenitore bottone -->\n        <div class=\"py-3\">\n            <a class=\"btn btn-primary rounded-0 text-uppercase\" href=\"https:\/\/www.newclubhotel.com\/fr\/offerte\/offerta-ponte-del-1-maggio-a-rimini-139693.php\" title=\"R\u00e9servez votre \u00e9t\u00e9 en janvier et \u00e9conomisez\">d\u00e9couvrez<\/a>\n        <\/div>\n        <!-- fine contenitore bottone -->\n    <\/div>\n    <!-- fine contenitore testi cBox2 -->\n<\/div>\n    \n\t\t\t\t\t\t\t\n\t\t\t<\/div>\n\t\t<\/div>\n\t\n    <\/div>\n<\/div>\n<\/section>\n\n<section class=\"wao-blocks-container container mb-5\"\n\t\t>\n    \n<div class=\"wao-blocks-row row\" >\n    \n\n<div class=\"col-12 col-lg-6 p-5 g--bkg-light-01 oorder-lg-1 order-2\"\n     \n\t \n\t>\n        \n\n<h2 class=\"text-white text-center pb-3 wp-block-heading\">O\u00f9 nous sommes<\/h2>\n\n\n\n<div class=\"wao-blocks-immagine-src text-center pb-3\" \n    >\n                    <img decoding=\"async\" src=\"http:\/\/www.newclubhotel.com\/wp-content\/uploads\/2021\/05\/divider-newclub-white.svg\"  class=\"max-w-250\"  alt=\"diviseur-newclub-blanc\">\n    <\/div>\n\n\n<p class=\"text-white\">Le New Club Hotel est situ\u00e9 dans la zone de Marina Centro de Rimini, \u00e0 <strong>\u00e0 quelques pas de la mer<\/strong>. Vous pourrez \u00e9galement rejoindre rapidement le Palacongressi et le centre historique, \u00e0 seulement 2 km, et la Foire, \u00e0 6 km.<\/p>\n\n\n\n<div class=\"wao-blocks-button py-4 text-center\" >\n\t<a href=\"http:\/\/www.newclubhotel.com\/fr\/dove-siamo\/\" \n\t\tclass=\"btn btn-primary\"\n         \n\t\t\t\ttitle=\"D\u00c9COUVREZ O\u00d9 NOUS SOMMES\" \n\t>\t\n\t\t\t\tD\u00c9COUVREZ O\u00d9 NOUS SOMMES\t\t\t<\/a>\n<\/div>\n    <\/div>\n\n\n<div class=\"col-12 col-lg-6 p-0 order-lg-2 order-1\"\n     \n\t \n\t>\n        \n<iframe src=\"https:\/\/www.google.com\/maps\/embed?pb=!1m14!1m8!1m3!1d5734.249980312831!2d12.588257!3d44.060127600000015!3m2!1i1024!2i768!4f13.1!3m3!1m2!1s0x0%3A0xa8cdc5321447475c!2sHotel%20New%20Club!5e0!3m2!1sit!2sit!4v1621419815617!5m2!1sit!2sit\" width=\"100%\" height=\"100%\" style=\"border:0; min-height : 450px\" allowfullscreen=\"\" loading=\"lazy\"><\/iframe>\n    <\/div>\n<\/div>\n<\/section>","protected":false},"excerpt":{"rendered":"","protected":false},"author":1,"featured_media":0,"parent":0,"menu_order":0,"comment_status":"closed","ping_status":"closed","template":"","meta":{"footnotes":""},"class_list":["post-24","page","type-page","status-publish","hentry"],"_links":{"self":[{"href":"https:\/\/www.newclubhotel.com\/fr\/wp-json\/wp\/v2\/pages\/24","targetHints":{"allow":["GET"]}}],"collection":[{"href":"https:\/\/www.newclubhotel.com\/fr\/wp-json\/wp\/v2\/pages"}],"about":[{"href":"https:\/\/www.newclubhotel.com\/fr\/wp-json\/wp\/v2\/types\/page"}],"author":[{"embeddable":true,"href":"https:\/\/www.newclubhotel.com\/fr\/wp-json\/wp\/v2\/users\/1"}],"replies":[{"embeddable":true,"href":"https:\/\/www.newclubhotel.com\/fr\/wp-json\/wp\/v2\/comments?post=24"}],"version-history":[{"count":17,"href":"https:\/\/www.newclubhotel.com\/fr\/wp-json\/wp\/v2\/pages\/24\/revisions"}],"predecessor-version":[{"id":774,"href":"https:\/\/www.newclubhotel.com\/fr\/wp-json\/wp\/v2\/pages\/24\/revisions\/774"}],"wp:attachment":[{"href":"https:\/\/www.newclubhotel.com\/fr\/wp-json\/wp\/v2\/media?parent=24"}],"curies":[{"name":"wp","href":"https:\/\/api.w.org\/{rel}","templated":true}]}}