{"id":18,"date":"2021-05-19T09:14:29","date_gmt":"2021-05-19T07:14:29","guid":{"rendered":"http:\/\/www.newclubhotel.com\/?page_id=18"},"modified":"2021-05-25T11:01:19","modified_gmt":"2021-05-25T09:01:19","slug":"dove-siamo","status":"publish","type":"page","link":"https:\/\/www.newclubhotel.com\/fr\/dove-siamo\/","title":{"rendered":"O\u00f9 nous sommes"},"content":{"rendered":"<section class=\"wao-blocks-container container mb-5 pt-5\"\n\t\t>\n    \n<div class=\"wao-blocks-row row\" >\n    \n\n<div class=\"col-12 col-md-12 text-center\"\n     \n\t \n\t>\n        \n\n<h2 class=\"wp-block-heading\">H\u00f4tels \u00e0 Marina Centro \u00e0 Rimini<\/h2>\n\n\n\n<div class=\"wao-blocks-immagine-src\" \n    >\n                    <img decoding=\"async\" src=\"http:\/\/www.newclubhotel.com\/wp-content\/uploads\/2021\/05\/divider-newclub.svg\"  class=\"pb-3 max-w-250\"  alt=\"diviseur-newclub\">\n    <\/div>\n\n\n<h3 class=\"wp-block-heading\">\u00c0 deux pas de la mer, des divertissements et du shopping.<\/h3>\n\n\n\n<p>Nous sommes situ\u00e9s \u00e0 Rimini dans une position privil\u00e9gi\u00e9e : dans le quartier de Marina Centro.<br>De l'h\u00f4tel, vous pouvez facilement rejoindre la mer en quelques m\u00e8tres, le nouveau Palacongressi avec une belle promenade dans le parc et la Foire est \u00e0 seulement 6 kilom\u00e8tres.<\/p>\n\n    <\/div>\n<\/div>\n<\/section>\n\n<section class=\"wao-blocks-container container mb-5 py-5\"\n\t\t>\n    \n<div class=\"wao-blocks-row row\" >\n    \n\n<div class=\"col-12 col-lg-6 p-5 g--bkg-dark-02\"\n     \n\t \n\t>\n        \n\n<h2 class=\"text-white wp-block-heading\">Situation strat\u00e9gique<\/h2>\n\n\n\n<h3 class=\"text-white pt-2 wp-block-heading\">Tout \u00e0 port\u00e9e de main pendant votre s\u00e9jour<\/h3>\n\n\n\n<p class=\"pt-5 text-white\">La <strong>emplacement<\/strong> \u00e8 <strong>strat\u00e9gique<\/strong> tant pour ceux qui veulent des vacances de <strong>D\u00e9tendez-vous<\/strong> e <strong>amusant<\/strong> sous le soleil de la Romagne, tant pour ceux qui restent pour des raisons de <strong>emploi<\/strong>gr\u00e2ce aussi \u00e0 la proximit\u00e9 du Palacongressi et de la Foire.<\/p>\n\n\n\n<p class=\"text-white\">Louez gratuitement des v\u00e9los \u00e0 l'h\u00f4tel et d\u00e9placez-vous facilement dans la belle vieille ville de Rimini, sur la promenade anim\u00e9e ou dans le charmant port avec la grande roue.<\/p>\n\n    <\/div>\n\n\n<div class=\"col-12 col-lg-6 p-0\"\n     \n\t \n\t>\n        \n<iframe src=\"https:\/\/www.google.com\/maps\/embed?pb=!1m18!1m12!1m3!1d2867.124991168047!2d12.586068315510948!3d44.060127579109505!2m3!1f0!2f0!3f0!3m2!1i1024!2i768!4f13.1!3m3!1m2!1s0x132cc36d4837f14d%3A0xa8cdc5321447475c!2sHotel%20New%20Club!5e0!3m2!1sen!2sit!4v1621929857420!5m2!1sen!2sit\" width=\"100%\" height=\"100%\" style=\"border:0;min-height : 350px\" allowfullscreen=\"\" loading=\"lazy\"><\/iframe>\n    <\/div>\n<\/div>\n<\/section>\n\n<section class=\"wao-blocks-container container mb-5\"\n\t\t>\n    \n<div class=\"wao-blocks-row row l--equal-h\" >\n    \n\n<div class=\"col-12 col-lg-6 g--bkg-dark-02 px-md-5 newsletter-custom\"\n     \n\t \n\t>\n        \n\n<h2 class=\"has-text-align-center text-white p-5 wp-block-heading\">Inscrivez-vous pour <strong>Bulletin d'information<\/strong><\/h2>\n\n\n<script src=\"https:\/\/www.google.com\/recaptcha\/enterprise.js?render=6LdKs-6Lc3xMIcAAAAAO2K3CkgGUYb6BcsBOk289jP7NUP\"><\/script>\n<div class=\"l--box-newsletter wao-blocks-nav-tab text-white pt-3 pb-5\" >\n    <form class=\"custom\" name=\"iscrizione_newsletter\" id=\"iscrizione_newsletter\" method=\"post\" autocomplete=\"OFF\" action=\"\">\n        <fieldset>\n            <div class=\"form-group column\">\n                                <div class=\"col-12 col-lg-12 mx-auto\">\n                    <input type=\"text\" class=\"form-control\" id=\"news_nome\" name=\"nome\" placeholder=\"Nom*\">\n                <\/div>\n                <div class=\"col-12 col-lg-12 mx-auto\">\n                    <input type=\"text\" class=\"form-control\" id=\"news_email\" name=\"email\" value=\"\" placeholder=\"Courriel*\">\n                <\/div>\n                <div id=\"newsletter\" class=\"col-12 col-lg-12 mx-auto\">\n<input value=\"on\" type=\"checkbox\" name=\"news_privacy\" id=\"news_privacy\">\n<label for=\"news_privacy\">*\n    <small>\n        <a href=\"javascript:void(0)\" title=\"confidentialit\u00e9\"\n            class=\"privacy link-privacy-policy\" style=\"cursor: pointer;\">\n            J'accepte la confidentialit\u00e9\n        <\/a>\n    <\/small>\n<\/label>\n<\/div>                <div class=\"col-12 col-lg-12 mx-auto\">\n                    <button class=\"btn btn-primary btn-block text-uppercase\"type=\"submit\" id=\"iscrizioneNewsletter\">\n                        S'inscrire\n                    <\/button>\n                    <input name=\"dominio\" type=\"hidden\" value=\"https:\/\/www.newclubhotel.com\/fr\/\">\n                    <input name=\"idHotel\" type=\"hidden\" value=\"2040\">\n                    <input name=\"lingua\" type=\"hidden\" value=\"it\">\n                <\/div>\n            <\/div>\n        <\/fieldset>\n    <input type=\"hidden\" name=\"trp-form-language\" value=\"fr\"\/><\/form>\n<\/div>\n<div id=\"divAlert\" class=\"h-50 w-50 m-auto alert-info d-none\" style=\"position: fixed; top: 10px; left: 10px; right: 10px; bottom: 10px; z-index: 2000; overflow: auto\">\n\t<div class=\"text-right\">\n\t\t<a class=\"btn btn-primary btn_chiudi\" href=\"javascript:void(0)\" onclick=\"location.reload(true);\" title=\"Fermer\"><i class=\"fa fa-times\" aria-hidden=\"true\"><\/i><\/a>\n\t<\/div>\n\t<div class=\"text-center alert-info l--align-middle-vertical\" style=\"height: calc(100% - 50px);\">\n\t\t<div class=\"logo\"><\/div>\n\t\t<div class=\"text-center h-50 w-50\">\n\t\t\t<span class=\"display-3\"><i class=\"fa fa-paper-plane\" aria-hidden=\"true\"><\/i><\/span>\n\t\t\t<h4>L'abonnement \u00e0 la newsletter a \u00e9t\u00e9 effectu\u00e9 avec succ\u00e8s<\/h4>\n\t\t<\/div>\n\t<\/div>\n<\/div>\n\n    <\/div>\n\n\n<div class=\"col-12 col-lg-6 banner-fb d-flex justify-content-center\"\n     \n\t \n\t>\n        \n<div class=\"d-flex flex-column py-5\">\n\n\n<h2 class=\"text-center text-white wp-block-heading\">Suivez-nous sur <br><strong>Facebook<\/strong><\/h2>\n\n\n\n<div class=\"wao-blocks-button text-center mt-auto mb-3\" >\n\t<a href=\"https:\/\/it-it.facebook.com\/newclubhotelrimini\/\" \n\t\tclass=\"btn btn-primary\"\n         \n\t\ttarget=\"_blank\"\t\ttitle=\"SUIVRE LA PAGE\" \n\t>\t\n\t\t\t\tSUIVRE LA PAGE\t\t\t<\/a>\n<\/div>\n\n<\/div>\n    <\/div>\n<\/div>\n<\/section>","protected":false},"excerpt":{"rendered":"","protected":false},"author":1,"featured_media":0,"parent":0,"menu_order":0,"comment_status":"closed","ping_status":"closed","template":"","meta":{"footnotes":""},"class_list":["post-18","page","type-page","status-publish","hentry"],"_links":{"self":[{"href":"https:\/\/www.newclubhotel.com\/fr\/wp-json\/wp\/v2\/pages\/18","targetHints":{"allow":["GET"]}}],"collection":[{"href":"https:\/\/www.newclubhotel.com\/fr\/wp-json\/wp\/v2\/pages"}],"about":[{"href":"https:\/\/www.newclubhotel.com\/fr\/wp-json\/wp\/v2\/types\/page"}],"author":[{"embeddable":true,"href":"https:\/\/www.newclubhotel.com\/fr\/wp-json\/wp\/v2\/users\/1"}],"replies":[{"embeddable":true,"href":"https:\/\/www.newclubhotel.com\/fr\/wp-json\/wp\/v2\/comments?post=18"}],"version-history":[{"count":35,"href":"https:\/\/www.newclubhotel.com\/fr\/wp-json\/wp\/v2\/pages\/18\/revisions"}],"predecessor-version":[{"id":738,"href":"https:\/\/www.newclubhotel.com\/fr\/wp-json\/wp\/v2\/pages\/18\/revisions\/738"}],"wp:attachment":[{"href":"https:\/\/www.newclubhotel.com\/fr\/wp-json\/wp\/v2\/media?parent=18"}],"curies":[{"name":"wp","href":"https:\/\/api.w.org\/{rel}","templated":true}]}}