{"id":32,"date":"2021-05-19T09:15:39","date_gmt":"2021-05-19T07:15:39","guid":{"rendered":"http:\/\/www.newclubhotel.com\/?page_id=32"},"modified":"2021-05-25T10:06:45","modified_gmt":"2021-05-25T08:06:45","slug":"contatti","status":"publish","type":"page","link":"https:\/\/www.newclubhotel.com\/de\/contatti\/","title":{"rendered":"Kontakt"},"content":{"rendered":"<section class=\"wao-blocks-container container mb-3 py-5\"\n\t\t>\n    \n<div class=\"wao-blocks-row row\" >\n    \n\n<div class=\"col-12 col-md-12 text-center\"\n     \n\t \n\t>\n        \n\n<h2 class=\"wp-block-heading\">Kontakt<\/h2>\n\n\n\n<div class=\"wao-blocks-immagine-src\" \n    >\n                    <img decoding=\"async\" src=\"http:\/\/www.newclubhotel.com\/wp-content\/uploads\/2021\/05\/divider-newclub.svg\"  class=\"pb-3 max-w-250\"  alt=\"divider-newclub\">\n    <\/div>\n\n\n<h3 class=\"wp-block-heading\">Wir freuen uns, Sie kennenzulernen<\/h3>\n\n\n\n<p>Hier sind unsere <strong>Kontakte<\/strong> um weitere Informationen anzufordern oder ein individuelles Angebot f\u00fcr Ihren Urlaub zu erhalten. Sie k\u00f6nnen die <strong>Formular<\/strong> das auf dieser Seite unter Angabe Ihrer Pr\u00e4ferenzen, der Anzahl und des Alters der Kinder, oder senden Sie uns eine <strong>E-Mail<\/strong> o <strong>rufen Sie uns an<\/strong> im Hotel.<\/p>\n\n\n\n<p>Wir freuen uns darauf, Ihre W\u00fcnsche zu erf\u00fcllen, indem wir Ihnen so schnell wie m\u00f6glich antworten;<br>wir warten auf Sie bei<strong>Neue Club Hotels<\/strong> im Marina Centro in Rimini!<\/p>\n\n    <\/div>\n<\/div>\n<\/section>","protected":false},"excerpt":{"rendered":"","protected":false},"author":1,"featured_media":0,"parent":0,"menu_order":0,"comment_status":"closed","ping_status":"closed","template":"","meta":{"footnotes":""},"class_list":["post-32","page","type-page","status-publish","hentry"],"_links":{"self":[{"href":"https:\/\/www.newclubhotel.com\/de\/wp-json\/wp\/v2\/pages\/32","targetHints":{"allow":["GET"]}}],"collection":[{"href":"https:\/\/www.newclubhotel.com\/de\/wp-json\/wp\/v2\/pages"}],"about":[{"href":"https:\/\/www.newclubhotel.com\/de\/wp-json\/wp\/v2\/types\/page"}],"author":[{"embeddable":true,"href":"https:\/\/www.newclubhotel.com\/de\/wp-json\/wp\/v2\/users\/1"}],"replies":[{"embeddable":true,"href":"https:\/\/www.newclubhotel.com\/de\/wp-json\/wp\/v2\/comments?post=32"}],"version-history":[{"count":8,"href":"https:\/\/www.newclubhotel.com\/de\/wp-json\/wp\/v2\/pages\/32\/revisions"}],"predecessor-version":[{"id":713,"href":"https:\/\/www.newclubhotel.com\/de\/wp-json\/wp\/v2\/pages\/32\/revisions\/713"}],"wp:attachment":[{"href":"https:\/\/www.newclubhotel.com\/de\/wp-json\/wp\/v2\/media?parent=32"}],"curies":[{"name":"wp","href":"https:\/\/api.w.org\/{rel}","templated":true}]}}