{"id":22,"date":"2021-05-19T09:14:49","date_gmt":"2021-05-19T07:14:49","guid":{"rendered":"http:\/\/www.newclubhotel.com\/?page_id=22"},"modified":"2021-05-27T14:20:19","modified_gmt":"2021-05-27T12:20:19","slug":"famiglie","status":"publish","type":"page","link":"https:\/\/www.newclubhotel.com\/de\/famiglie\/","title":{"rendered":"Familien"},"content":{"rendered":"<div id=\"flc-carousel\" data-cellalign=\"center\" data-bglazyload=\"1\" data-freescroll=\"true\" data-wraparound=\"true\" data-autoplay=\"2000\" data-pauseautoplayonhover =\"true\" data-prevnextbuttons=\"false\" data-contain=\"true\" data-pagedots=\"false\" data-draggable=\"false\" data-groupcells=\"1\" data-fade=\"true\" class=\"js--flickity wao-blocks-slider flc-carousel-15109\"  >\n\n                            <div class=\"w-100\">\n                    \n    <div style='background: url(http:\/\/www.newclubhotel.com\/wp-content\/uploads\/2021\/05\/hotel-newclub-camera-03.jpg)center center ; background-blend-mode: multiply; background-size: cover; height: 80vh; background-position: 50% 50%;' class='wao-blocks-flc-banner'>\n        <div \n            class='carousel-caption mobile-tablet-centered right-0 m-0 ml-auto' \n            data-cof=\"true\" data-cof-rule=\"padding, 2rem, 2rem, 2rem, 2rem, 2rem\"             style='max-width: 600px; bottom: 0%; background-color:  rgba(33,106,161,0.7); margin:  auto            '>\n            \n\n<h1 class=\"has-text-align-center text-white text-uppercase wp-block-heading\">EMPFANG F\u00dcR FAMILIEN<\/h1>\n\n        <\/div>\n        <style>\n            @media screen and (max-width: 992px) {\n                .mobile-tablet-centered {\n                    margin: auto !important;\n                }\n            }\n        <\/style>\n    <\/div>\n    \n                <\/div>\n            \n<\/div>\n\n<section class=\"wao-blocks-container container mb-5 pt-5\"\n\t\t>\n    \n<div class=\"wao-blocks-row row\" >\n    \n\n<div class=\"col-12 col-md-12 text-center\"\n     \n\t \n\t>\n        \n\n<h2 class=\"wp-block-heading\">Kinder im Urlaub!<\/h2>\n\n\n\n<div class=\"wao-blocks-immagine-src\" \n    >\n                    <img decoding=\"async\" src=\"http:\/\/www.newclubhotel.com\/wp-content\/uploads\/2021\/05\/divider-newclub.svg\"  class=\"pb-3 max-w-250\"  alt=\"divider-newclub\">\n    <\/div>\n\n\n<h3 class=\"wp-block-heading\">Jede Menge Aufmerksamkeit f\u00fcr die ganze Familie<\/h3>\n\n\n\n<p>Im Hotel New Club legen wir besonderes Augenmerk auf die <strong>Familien<\/strong> und die <strong>Dienstleistungen f\u00fcr Kinder<\/strong>.<\/p>\n\n\n\n<p>Unsere G\u00e4ste haben die M\u00f6glichkeit, viele ma\u00dfgeschneiderte Dienstleistungen und Einrichtungen f\u00fcr Kinder in Anspruch zu nehmen, vom Restaurantraum bis zu den Zimmern. Dar\u00fcber hinaus haben wir viele Angebote, die nur f\u00fcr sie bestimmt sind!<\/p>\n\n    <\/div>\n<\/div>\n<\/section>\n\n<section class=\"wao-blocks-container container mb-2 py-5\"\n\t\t>\n    \n<div class=\"wao-blocks-row row\" >\n    \n\n<div class=\"col-12 col-lg-6 p-5 g--bkg-dark-02 text-white order-lg-1 order-2\"\n     \n\t \n\t>\n        \n\n<h2 class=\"text-white wp-block-heading\">Der Komfort von zu Hause in einem Hotel<\/h2>\n\n\n\n<h3 class=\"text-white wp-block-heading\">Raumkomfort<\/h3>\n\n\n\n<p>Das Hotel New Club in Rimini bietet seinen G\u00e4sten die M\u00f6glichkeit, die Vorteile moderner Annehmlichkeiten und exzellenter Dienstleistungen und Einrichtungen zu nutzen. <strong>Familienhotel<\/strong> damit sich Kinder und ihre Eltern wie zu Hause f\u00fchlen.<\/p>\n\n\n\n<p>Wenn Sie mit Ihrer Familie unterwegs sind, k\u00f6nnen Sie die Vorteile unseres <strong>Familienzimmer<\/strong>die bis zu 5 Personen beherbergen kann: so hat jeder seinen eigenen Platz!<\/p>\n\n\n\n<p>Wir m\u00f6chten, dass alle einen erholsamen Urlaub haben! Jahrelange Erfahrung hat uns gelehrt, dass ruhige und ausgeruhte Kinder gleichbedeutend sind mit gl\u00fccklichen Eltern, die sich im Urlaub entspannen k\u00f6nnen. F\u00fcr den heiklen Moment der <strong>Wiegenlied<\/strong>Mama und Papa finden auf Anfrage <strong>Seitenschienen<\/strong> Anti-Sturz und <strong>Liegest\u00fchle<\/strong> f\u00fcr \u00e4ltere Kinder und <strong>Krippen<\/strong> f\u00fcr S\u00e4uglinge. Und sogar ein paar Extra-Goodies, wie zum Beispiel die <strong>Tablett<\/strong> f\u00fcr das Bad.<\/p>\n\n\n\n<p>Au\u00dferdem bieten wir im Hotel <strong>Kinderwagen<\/strong>, <strong>Fahrr\u00e4der<\/strong> mit Kindersitzen und Fahrr\u00e4dern f\u00fcr Kinder, um in Ruhe zu bummeln und gemeinsam die Stadt zu erkunden!<\/p>\n\n    <\/div>\n\n\n<div class=\"col-12 col-lg-6 p-0 order-lg-2 order-1\"\n     \n\t \n\t>\n        \n    <figure\n        class=\"wao-blocks-immagine-bkg m-0\"\n        style=\"background: url('http:\/\/www.newclubhotel.com\/wp-content\/uploads\/2021\/05\/hotel-newclub-camera-05-1024x651.jpg') center center \/ cover no-repeat;\"\n        data-cof=\"true\" data-cof-rule=\"min-height, 350px, 350px, 400px, 100%, 100%\" >\n            <\/figure>\n\n    <\/div>\n<\/div>\n<\/section>\n\n<section class=\"wao-blocks-container container mb-5\"\n\t\t>\n    \n<div class=\"wao-blocks-row row\" >\n    \n\n<div class=\"col-12 col-lg-6 p-0 order-lg-2 order-1\"\n     \n\t \n\t>\n        \n    <figure\n        class=\"wao-blocks-immagine-bkg m-0\"\n        style=\"background: url('http:\/\/www.newclubhotel.com\/wp-content\/uploads\/2021\/05\/img-menu-bimbi-1024x683.jpg') center center \/ cover no-repeat;\"\n        data-cof=\"true\" data-cof-rule=\"min-height, 350px, 350px, 400px, 100%, 100%\" >\n            <\/figure>\n\n    <\/div>\n\n\n<div class=\"col-12 col-lg-6 p-5 g--bkg-dark-02 text-white order-lg-1 order-2\"\n     \n\t \n\t>\n        \n\n<h2 class=\"text-white wp-block-heading\">Kinder am Tisch<\/h2>\n\n\n\n<h3 class=\"text-white wp-block-heading\">Essen bei Tisch<\/h3>\n\n\n\n<p>Unser <strong>Restaurant<\/strong> ist perfekt f\u00fcr Familien und wir k\u00fcmmern uns auch w\u00e4hrend der Mahlzeiten gerne um unsere kleinen G\u00e4ste.<br>Wir wollen, dass sie ein Moment der Unterhaltung f\u00fcr Jung und Alt sind, deshalb <strong>am Tisch hei\u00dfen wir Familien willkommen<\/strong> mit:<\/p>\n\n\n\n<ul class=\"wp-block-list\"><li>Kinderst\u00fchle, L\u00e4tzchen, Besteck und Gl\u00e4ser, die f\u00fcr Kinder geeignet sind<\/li><li>Gerichte im Men\u00fc, die f\u00fcr Kinder bestimmt sind<\/li><li>Zubereitung von Mahlzeiten f\u00fcr die Kleinen<\/li><\/ul>\n\n\n\n<p>F\u00fcr den Komfort von Mama und Papa bieten wir die M\u00f6glichkeit <strong>Zeitpl\u00e4ne vorhersehen<\/strong> der Mahlzeiten, damit Kinder und Eltern ruhiger und gelassener essen k\u00f6nnen. Und noch ein weiterer Service wartet auf Sie: unser <strong>K\u00fcchenzeile<\/strong> wo Sie das Essen f\u00fcr Ihre Kinder direkt zubereiten k\u00f6nnen.<\/p>\n\n    <\/div>\n<\/div>\n<\/section>\n\n<section class=\"wao-blocks-container container mb-5\"\n\t\t>\n    \n<div class=\"wao-blocks-row row l--equal-h\" >\n    \n\n<div class=\"col-12 col-lg-6 g--bkg-dark-02 px-md-5 newsletter-custom\"\n     \n\t \n\t>\n        \n\n<h2 class=\"has-text-align-center text-white p-5 wp-block-heading\">Registrieren Sie sich f\u00fcr <strong>Newsletter<\/strong><\/h2>\n\n\n<script src=\"https:\/\/www.google.com\/recaptcha\/enterprise.js?render=6LdKs-6Lc3xMIcAAAAAO2K3CkgGUYb6BcsBOk289jP7NUP\"><\/script>\n<div class=\"l--box-newsletter wao-blocks-nav-tab text-white pt-3 pb-5\" >\n    <form class=\"custom\" name=\"iscrizione_newsletter\" id=\"iscrizione_newsletter\" method=\"post\" autocomplete=\"OFF\" action=\"\">\n        <fieldset>\n            <div class=\"form-group column\">\n                                <div class=\"col-12 col-lg-12 mx-auto\">\n                    <input type=\"text\" class=\"form-control\" id=\"news_nome\" name=\"nome\" placeholder=\"Name*\">\n                <\/div>\n                <div class=\"col-12 col-lg-12 mx-auto\">\n                    <input type=\"text\" class=\"form-control\" id=\"news_email\" name=\"email\" value=\"\" placeholder=\"E-Mail*\">\n                <\/div>\n                <div id=\"newsletter\" class=\"col-12 col-lg-12 mx-auto\">\n<input value=\"on\" type=\"checkbox\" name=\"news_privacy\" id=\"news_privacy\">\n<label for=\"news_privacy\">*\n    <small>\n        <a href=\"javascript:void(0)\" title=\"Datenschutz\"\n            class=\"privacy link-privacy-policy\" style=\"cursor: pointer;\">\n            Ich akzeptiere Datenschutz\n        <\/a>\n    <\/small>\n<\/label>\n<\/div>                <div class=\"col-12 col-lg-12 mx-auto\">\n                    <button class=\"btn btn-primary btn-block text-uppercase\"type=\"submit\" id=\"iscrizioneNewsletter\">\n                        Anmelden\n                    <\/button>\n                    <input name=\"dominio\" type=\"hidden\" value=\"https:\/\/www.newclubhotel.com\/de\/\">\n                    <input name=\"idHotel\" type=\"hidden\" value=\"2040\">\n                    <input name=\"lingua\" type=\"hidden\" value=\"it\">\n                <\/div>\n            <\/div>\n        <\/fieldset>\n    <input type=\"hidden\" name=\"trp-form-language\" value=\"de\"\/><\/form>\n<\/div>\n<div id=\"divAlert\" class=\"h-50 w-50 m-auto alert-info d-none\" style=\"position: fixed; top: 10px; left: 10px; right: 10px; bottom: 10px; z-index: 2000; overflow: auto\">\n\t<div class=\"text-right\">\n\t\t<a class=\"btn btn-primary btn_chiudi\" href=\"javascript:void(0)\" onclick=\"location.reload(true);\" title=\"Schlie\u00dfen\"><i class=\"fa fa-times\" aria-hidden=\"true\"><\/i><\/a>\n\t<\/div>\n\t<div class=\"text-center alert-info l--align-middle-vertical\" style=\"height: calc(100% - 50px);\">\n\t\t<div class=\"logo\"><\/div>\n\t\t<div class=\"text-center h-50 w-50\">\n\t\t\t<span class=\"display-3\"><i class=\"fa fa-paper-plane\" aria-hidden=\"true\"><\/i><\/span>\n\t\t\t<h4>Newsletter-Abonnement erfolgreich abgeschlossen<\/h4>\n\t\t<\/div>\n\t<\/div>\n<\/div>\n\n    <\/div>\n\n\n<div class=\"col-12 col-lg-6 banner-fb d-flex justify-content-center\"\n     \n\t \n\t>\n        \n<div class=\"d-flex flex-column py-5\">\n\n\n<h2 class=\"text-center text-white wp-block-heading\">Folgen Sie uns auf <br><strong>Facebook<\/strong><\/h2>\n\n\n\n<div class=\"wao-blocks-button text-center mt-auto mb-3\" >\n\t<a href=\"https:\/\/it-it.facebook.com\/newclubhotelrimini\/\" \n\t\tclass=\"btn btn-primary\"\n         \n\t\ttarget=\"_blank\"\t\ttitle=\"DER SEITE FOLGEN\" \n\t>\t\n\t\t\t\tDER SEITE FOLGEN\t\t\t<\/a>\n<\/div>\n\n<\/div>\n    <\/div>\n<\/div>\n<\/section>\n\n\n<p><\/p>\n\n\n<section class=\"wao-blocks-container container mb-5 py-3\"\n\t\t>\n    \n<div class=\"wao-blocks-row row\" >\n    \n\n<div class=\"col-12 col-md-12\"\n     \n\t \n\t>\n        \n\n<h2 class=\"text-center wp-block-heading\">Unser <strong>Angebote<\/strong><\/h2>\n\n\n\n<div class=\"wao-blocks-immagine-src text-center pb-3\" \n    >\n                    <img decoding=\"async\" src=\"http:\/\/www.newclubhotel.com\/wp-content\/uploads\/2021\/05\/divider-newclub.svg\"  class=\"max-w-250\"  alt=\"divider-newclub\">\n    <\/div>\n\n\n\t\n\t\t<div class=\"wao-blocks-offerte-slider-v1\">\n\n\t\t\t\t\t<!-- controllo Slide  -->\n\t\t\t\t\t<div class=\"js--slider\" data-arrows=\"false\" data-dots=\"true\" data-autoplay=\"true\" data-slidestoshow=\"2\" data-slidestoshowsm=\"1\" data-slidestoshowxs=\"1\">\n\t\t\t\t\t\t<!-- ciclo di ogni offerta -->\n\t\t\t\t\n<div class=\"g--bkg-dark-04 m-2 h-100\">\n    <!-- contenitore testi cBox2 -->\n    <div class=\"text-center\">\n        <!-- contenitore titolo -->\n        <div class=\"mx-auto py-3 d-flex flex-column\" style=\"min-height: 140px;\">\n            <a href=\"https:\/\/www.newclubhotel.com\/de\/offerte\/offerta-giugno-all-inclusive-a-rimini-88960.php\" class=\"text-white h4\">Angebot Juni all Inclusive in Rimini<\/a>\n\t\t\t<!-- contenitore date -->\n        <div class=\"text-white text-small mt-auto\"><span>vom 23.05.2026 bis 21.06.2026<\/span><\/div>\n        <!-- fine contenitore date -->\n        <\/div>\n        <!-- contenitore prezzo -->\n        <div class=\"p-2 text-white g--bkg-dark-01\">\n\t\t\t<div>von <span class=\"font-weight-bold display-4\">70\u20ac<\/span><\/div>\n        <\/div>\n        <!-- fine contenitore prezzo -->\n\t\t<!-- contenitore immagine -->\n    <div class=\"mx-auto l--position-relative barret-88961\" style=\"background-size: cover; height: 250px; overflow:hidden;\">\n    \t<!-- inizio timer -->\n\t\t<div class=\"hidden-xl-down g--bkg-light-04 l--position-absolute l--top l--right p-2 text-primary timer l--b-a-1 border g--b-c-03\" style=\"z-index:800!important;\" id=\"timer_88961\">\n\t\t\t<div class=\"text-sm-center text-warning font-weight-bold text-uppercase\">Angebot verf\u00e4llt in<\/div>\n\t\t\t<div class=\"\" style=\"display:flex\">\n\t\t\t\t<div class=\"l--p-a-12 g--bkg-light-02 l--m-a-12\">\n\t\t\t\t\t<span class=\"days\"><\/span> <span class=\"text-small\">gg<\/span>\n\t\t\t\t<\/div>\n\t\t\t\t<div class=\"l--p-a-12 g--bkg-light-02 l--m-a-12\">\n\t\t\t\t\t<span class=\"hours\"><\/span> <span class=\"text-small\">hh<\/span>\n\t\t\t\t<\/div>\n\t\t\t\t<div class=\"l--p-a-12 g--bkg-light-02 l--m-a-12\">\n\t\t\t\t\t<span class=\"minutes\"><\/span> <span class=\"text-small\">mm<\/span>\n\t\t\t\t<\/div>\n\t\t\t\t<div class=\"l--p-a-12 g--bkg-light-02 l--m-a-12\">\n\t\t\t\t\t<span class=\"seconds\"><\/span> <span class=\"text-small\">ss<\/span>\n\t\t\t\t<\/div>\n\t\t\t<\/div>\n\t\t<\/div>\n\t\t<script type=\"text\/javascript\">setTimeout(function(){ CountDownOfferte('21\/06\/2026', 'timer_88961'); }, 5000); BkgImgOfferta('https:\/\/static.adriasonline.it\/barret\/make\/offerte\/2040\/dettaglio\/img_88960.jpg?w=520&h=250&q=80&fit=crop', '88961', 'cover');<\/script>\n    \t<!-- fine timer -->\n    <\/div>\n    <!-- fine contenitore immagine -->\n        <!-- contenitore bottone -->\n        <div class=\"py-3\">\n            <a class=\"btn btn-primary rounded-0 text-uppercase\" href=\"https:\/\/www.newclubhotel.com\/de\/offerte\/offerta-giugno-all-inclusive-a-rimini-88960.php\" title=\"Buchen Sie Ihren Sommer im Januar und sparen Sie\">entdecken.<\/a>\n        <\/div>\n        <!-- fine contenitore bottone -->\n    <\/div>\n    <!-- fine contenitore testi cBox2 -->\n<\/div>\n\n<div class=\"g--bkg-dark-04 m-2 h-100\">\n    <!-- contenitore testi cBox2 -->\n    <div class=\"text-center\">\n        <!-- contenitore titolo -->\n        <div class=\"mx-auto py-3 d-flex flex-column\" style=\"min-height: 140px;\">\n            <a href=\"https:\/\/www.newclubhotel.com\/de\/offerte\/offerta-ponte-2-giugno-a-rimini-131509.php\" class=\"text-white h4\">Angebot Br\u00fccke 2. Juni in Rimini<\/a>\n\t\t\t<!-- contenitore date -->\n        <div class=\"text-white text-small mt-auto\"><span>vom 29.05.2026 bis 03.06.2026<\/span><\/div>\n        <!-- fine contenitore date -->\n        <\/div>\n        <!-- contenitore prezzo -->\n        <div class=\"p-2 text-white g--bkg-dark-01\">\n\t\t\t<div>von <span class=\"font-weight-bold display-4\">69\u20ac<\/span><\/div>\n        <\/div>\n        <!-- fine contenitore prezzo -->\n\t\t<!-- contenitore immagine -->\n    <div class=\"mx-auto l--position-relative barret-131510\" style=\"background-size: cover; height: 250px; overflow:hidden;\">\n    \t<!-- inizio timer -->\n\t\t<div class=\"hidden-xl-down g--bkg-light-04 l--position-absolute l--top l--right p-2 text-primary timer l--b-a-1 border g--b-c-03\" style=\"z-index:800!important;\" id=\"timer_131510\">\n\t\t\t<div class=\"text-sm-center text-warning font-weight-bold text-uppercase\">Angebot verf\u00e4llt in<\/div>\n\t\t\t<div class=\"\" style=\"display:flex\">\n\t\t\t\t<div class=\"l--p-a-12 g--bkg-light-02 l--m-a-12\">\n\t\t\t\t\t<span class=\"days\"><\/span> <span class=\"text-small\">gg<\/span>\n\t\t\t\t<\/div>\n\t\t\t\t<div class=\"l--p-a-12 g--bkg-light-02 l--m-a-12\">\n\t\t\t\t\t<span class=\"hours\"><\/span> <span class=\"text-small\">hh<\/span>\n\t\t\t\t<\/div>\n\t\t\t\t<div class=\"l--p-a-12 g--bkg-light-02 l--m-a-12\">\n\t\t\t\t\t<span class=\"minutes\"><\/span> <span class=\"text-small\">mm<\/span>\n\t\t\t\t<\/div>\n\t\t\t\t<div class=\"l--p-a-12 g--bkg-light-02 l--m-a-12\">\n\t\t\t\t\t<span class=\"seconds\"><\/span> <span class=\"text-small\">ss<\/span>\n\t\t\t\t<\/div>\n\t\t\t<\/div>\n\t\t<\/div>\n\t\t<script type=\"text\/javascript\">setTimeout(function(){ CountDownOfferte('03\/06\/2026', 'timer_131510'); }, 5000); BkgImgOfferta('https:\/\/static.adriasonline.it\/barret\/make\/offerte\/2040\/dettaglio\/img_131509.jpg?w=520&h=250&q=80&fit=crop', '131510', 'cover');<\/script>\n    \t<!-- fine timer -->\n    <\/div>\n    <!-- fine contenitore immagine -->\n        <!-- contenitore bottone -->\n        <div class=\"py-3\">\n            <a class=\"btn btn-primary rounded-0 text-uppercase\" href=\"https:\/\/www.newclubhotel.com\/de\/offerte\/offerta-ponte-2-giugno-a-rimini-131509.php\" title=\"Buchen Sie Ihren Sommer im Januar und sparen Sie\">entdecken.<\/a>\n        <\/div>\n        <!-- fine contenitore bottone -->\n    <\/div>\n    <!-- fine contenitore testi cBox2 -->\n<\/div>\n\n<div class=\"g--bkg-dark-04 m-2 h-100\">\n    <!-- contenitore testi cBox2 -->\n    <div class=\"text-center\">\n        <!-- contenitore titolo -->\n        <div class=\"mx-auto py-3 d-flex flex-column\" style=\"min-height: 140px;\">\n            <a href=\"https:\/\/www.newclubhotel.com\/de\/offerte\/offerta-ponte-del-1-maggio-a-rimini-139693.php\" class=\"text-white h4\"><\/a>\n\t\t\t<!-- contenitore date -->\n        <div class=\"text-white text-small mt-auto\"><span>vom 30.04.2026 bis 03.05.2026<\/span><\/div>\n        <!-- fine contenitore date -->\n        <\/div>\n        <!-- contenitore prezzo -->\n        <div class=\"p-2 text-white g--bkg-dark-01\">\n\t\t\t<div>von <span class=\"font-weight-bold display-4\">45\u20ac<\/span><\/div>\n        <\/div>\n        <!-- fine contenitore prezzo -->\n\t\t<!-- contenitore immagine -->\n    <div class=\"mx-auto l--position-relative barret-139694\" style=\"background-size: cover; height: 250px; overflow:hidden;\">\n    \t<!-- inizio timer -->\n\t\t<div class=\"hidden-xl-down g--bkg-light-04 l--position-absolute l--top l--right p-2 text-primary timer l--b-a-1 border g--b-c-03\" style=\"z-index:800!important;\" id=\"timer_139694\">\n\t\t\t<div class=\"text-sm-center text-warning font-weight-bold text-uppercase\">Angebot verf\u00e4llt in<\/div>\n\t\t\t<div class=\"\" style=\"display:flex\">\n\t\t\t\t<div class=\"l--p-a-12 g--bkg-light-02 l--m-a-12\">\n\t\t\t\t\t<span class=\"days\"><\/span> <span class=\"text-small\">gg<\/span>\n\t\t\t\t<\/div>\n\t\t\t\t<div class=\"l--p-a-12 g--bkg-light-02 l--m-a-12\">\n\t\t\t\t\t<span class=\"hours\"><\/span> <span class=\"text-small\">hh<\/span>\n\t\t\t\t<\/div>\n\t\t\t\t<div class=\"l--p-a-12 g--bkg-light-02 l--m-a-12\">\n\t\t\t\t\t<span class=\"minutes\"><\/span> <span class=\"text-small\">mm<\/span>\n\t\t\t\t<\/div>\n\t\t\t\t<div class=\"l--p-a-12 g--bkg-light-02 l--m-a-12\">\n\t\t\t\t\t<span class=\"seconds\"><\/span> <span class=\"text-small\">ss<\/span>\n\t\t\t\t<\/div>\n\t\t\t<\/div>\n\t\t<\/div>\n\t\t<script type=\"text\/javascript\">setTimeout(function(){ CountDownOfferte('03\/05\/2026', 'timer_139694'); }, 5000); BkgImgOfferta('https:\/\/static.adriasonline.it\/barret\/make\/offerte\/2040\/dettaglio\/img_139693.jpg?w=520&h=250&q=80&fit=crop', '139694', 'cover');<\/script>\n    \t<!-- fine timer -->\n    <\/div>\n    <!-- fine contenitore immagine -->\n        <!-- contenitore bottone -->\n        <div class=\"py-3\">\n            <a class=\"btn btn-primary rounded-0 text-uppercase\" href=\"https:\/\/www.newclubhotel.com\/de\/offerte\/offerta-ponte-del-1-maggio-a-rimini-139693.php\" title=\"Buchen Sie Ihren Sommer im Januar und sparen Sie\">entdecken.<\/a>\n        <\/div>\n        <!-- fine contenitore bottone -->\n    <\/div>\n    <!-- fine contenitore testi cBox2 -->\n<\/div>\n    \n\t\t\t\t\t\t\t\n\t\t\t<\/div>\n\t\t<\/div>\n\t\n    <\/div>\n<\/div>\n<\/section>","protected":false},"excerpt":{"rendered":"","protected":false},"author":1,"featured_media":0,"parent":0,"menu_order":0,"comment_status":"closed","ping_status":"closed","template":"","meta":{"footnotes":""},"class_list":["post-22","page","type-page","status-publish","hentry"],"_links":{"self":[{"href":"https:\/\/www.newclubhotel.com\/de\/wp-json\/wp\/v2\/pages\/22","targetHints":{"allow":["GET"]}}],"collection":[{"href":"https:\/\/www.newclubhotel.com\/de\/wp-json\/wp\/v2\/pages"}],"about":[{"href":"https:\/\/www.newclubhotel.com\/de\/wp-json\/wp\/v2\/types\/page"}],"author":[{"embeddable":true,"href":"https:\/\/www.newclubhotel.com\/de\/wp-json\/wp\/v2\/users\/1"}],"replies":[{"embeddable":true,"href":"https:\/\/www.newclubhotel.com\/de\/wp-json\/wp\/v2\/comments?post=22"}],"version-history":[{"count":73,"href":"https:\/\/www.newclubhotel.com\/de\/wp-json\/wp\/v2\/pages\/22\/revisions"}],"predecessor-version":[{"id":770,"href":"https:\/\/www.newclubhotel.com\/de\/wp-json\/wp\/v2\/pages\/22\/revisions\/770"}],"wp:attachment":[{"href":"https:\/\/www.newclubhotel.com\/de\/wp-json\/wp\/v2\/media?parent=22"}],"curies":[{"name":"wp","href":"https:\/\/api.w.org\/{rel}","templated":true}]}}