{"id":12,"date":"2021-05-19T09:13:58","date_gmt":"2021-05-19T07:13:58","guid":{"rendered":"http:\/\/www.newclubhotel.com\/?page_id=12"},"modified":"2024-12-12T12:10:15","modified_gmt":"2024-12-12T11:10:15","slug":"servizi","status":"publish","type":"page","link":"https:\/\/www.newclubhotel.com\/de\/servizi\/","title":{"rendered":"Dienste"},"content":{"rendered":"<div id=\"flc-carousel\" data-cellalign=\"center\" data-bglazyload=\"1\" data-freescroll=\"true\" data-wraparound=\"true\" data-autoplay=\"2000\" data-pauseautoplayonhover =\"true\" data-prevnextbuttons=\"false\" data-contain=\"true\" data-pagedots=\"false\" data-draggable=\"false\" data-groupcells=\"1\" data-fade=\"true\" class=\"js--flickity wao-blocks-slider flc-carousel-63482\"  >\n\n                            <div class=\"w-100\">\n                    \n    <div style='background: url(http:\/\/www.newclubhotel.com\/wp-content\/uploads\/2021\/05\/hotel-newclub-idromassaggio-02.jpg)center center ; background-blend-mode: multiply; background-size: cover; height: 80vh; background-position: 50% 50%;' class='wao-blocks-flc-banner'>\n        <div \n            class='carousel-caption mobile-tablet-centered right-0 m-0 ml-auto' \n            data-cof=\"true\" data-cof-rule=\"padding, 2rem, 2rem, 2rem, 2rem, 2rem\"             style='max-width: 600px; bottom: 0%; background-color:  rgba(33,106,161,0.7); margin:  auto            '>\n            \n\n<h1 class=\"wp-block-heading has-text-align-center text-white text-uppercase\">HOTEL-DIENSTLEISTUNGEN<\/h1>\n\n        <\/div>\n        <style>\n            @media screen and (max-width: 992px) {\n                .mobile-tablet-centered {\n                    margin: auto !important;\n                }\n            }\n        <\/style>\n    <\/div>\n    \n                <\/div>\n            \n<\/div>\n\n<section class=\"wao-blocks-container container mb-5 pt-5\"\n\t\t>\n    \n<div class=\"wao-blocks-row row\" >\n    \n\n<div class=\"col-12 col-md-12 text-center\"\n     \n\t \n\t>\n        \n\n<h2 class=\"wp-block-heading\">Viele Dienstleistungen f\u00fcr unsere G\u00e4ste<\/h2>\n\n\n\n<div class=\"wao-blocks-immagine-src\" \n    >\n                    <img decoding=\"async\" src=\"http:\/\/www.newclubhotel.com\/wp-content\/uploads\/2021\/05\/divider-newclub.svg\"  class=\"pb-3 max-w-250\"  alt=\"divider-newclub\">\n    <\/div>\n\n\n<h3 class=\"wp-block-heading\">Entspannende Ferien am Meer<\/h3>\n\n\n\n<p>Begr\u00fc\u00dfen Sie mit dem <strong>L\u00e4cheln<\/strong> und lassen Sie sich komplett <strong>entspannt <\/strong>ist das, was wir jeden Tag tun. Dank der im Laufe der Jahre gesammelten Erfahrung sind wir in der Lage, eine <strong>sehr gro\u00dfer Kundenkreis<\/strong>von Familien, Paaren und Gruppen von Freunden bis hin zu Gesch\u00e4ftsreisenden.<\/p>\n\n\n\n<p>Wir haben w\u00e4hrend der gesamten Sommersaison, zu Ostern, Silvester und w\u00e4hrend Messen und Veranstaltungen ge\u00f6ffnet: Was auch immer Ihre Reisemotivation ist, Sie k\u00f6nnen sich immer auf unsere <strong>Dienstleistungen<\/strong>.<\/p>\n\n    <\/div>\n<\/div>\n<\/section>\n\n<section class=\"wao-blocks-container container mb-5\"\n\t\t>\n    \n<div class=\"wao-blocks-row row\" >\n    \n\n<div class=\"col-12 col-lg-6 p-5 g--bkg-dark-02  order-lg-1 order-2\"\n     \n\t \n\t>\n        \n\n<h2 class=\"wp-block-heading text-white\">Hotel Dienstleistungen<\/h2>\n\n\n\n<h3 class=\"wp-block-heading text-white\">F\u00fcr jeden geeignet und ohne zus\u00e4tzliche Kosten<\/h3>\n\n\n\n<ul class=\"wp-block-list\">\n<li class=\"text-white\"><strong>Klimatisierung<\/strong> in allen Bereichen der Einrichtung.<\/li>\n\n\n\n<li class=\"text-white\"><strong>Fahrr\u00e4der<\/strong>Sie sind auch mit Kindersitzen ausgestattet und sind die ideale Unterkunft f\u00fcr diejenigen, die die Altstadt von Rimini besichtigen oder angenehme Abendspazierg\u00e4nge entlang der Strandpromenade machen m\u00f6chten.<\/li>\n\n\n\n<li class=\"text-white\"><strong>Kostenloses Wi-Fi<\/strong> High-Speed-Internetzugang im gesamten Hotel, um in Verbindung zu bleiben und Ihre Urlaubsmomente zu teilen.<\/li>\n\n\n\n<li class=\"text-white\">Ihr <strong>Tiere<\/strong> von geringer Gr\u00f6\u00dfe sind willkommen. F\u00fcr jeden Zweifel oder Bedarf z\u00f6gern Sie nicht uns zu kontaktieren<\/li>\n\n\n\n<li class=\"text-white\"><strong>Rezeption <\/strong>immer offen und mit viel L\u00e4cheln, um Sie unabh\u00e4ngig von Ihrer Ankunftszeit zu empfangen und jeden Wunsch zu erf\u00fcllen<\/li>\n\n\n\n<li class=\"text-white\">Gro\u00dfes bewachtes Parkhaus (<strong>gegen eine Geb\u00fchr<\/strong>) im Inneren der Anlage: perfekt, um alle Autos und Motorr\u00e4der unserer Kunden ohne Vorbehalt unterzubringen.<\/li>\n<\/ul>\n\n    <\/div>\n\n\n<div class=\"col-12 col-lg-6 p-0 order-lg-2 order-1\"\n     \n\t \n\t>\n        \n    <figure\n        class=\"wao-blocks-immagine-bkg m-0\"\n        style=\"background: url('http:\/\/www.newclubhotel.com\/wp-content\/uploads\/2021\/05\/hotel-newclub-reception-01-1024x683.jpg') center center \/ cover no-repeat;\"\n        data-cof=\"true\" data-cof-rule=\"min-height, 350px, 350px, 400px, 100%, 100%\" >\n            <\/figure>\n\n    <\/div>\n<\/div>\n<\/section>\n\n<section class=\"wao-blocks-container container mb-5\"\n\t\t>\n    \n<div class=\"wao-blocks-row row\" >\n    \n\n<div class=\"col-12 col-lg-6 p-0\"\n     \n\t \n\t>\n        \n    <figure\n        class=\"wao-blocks-immagine-bkg m-0\"\n        style=\"background: url('http:\/\/www.newclubhotel.com\/wp-content\/uploads\/2024\/12\/piscina_newclub_03-1024x685.jpg') center center \/ cover no-repeat;\"\n        data-cof=\"true\" data-cof-rule=\"min-height, 350px, 350px, 400px, 100%, 100%\" >\n            <\/figure>\n\n    <\/div>\n\n\n<div class=\"col-12 col-lg-6 p-5 g--bkg-dark-02 text-white\"\n     \n\t \n\t>\n        \n\n<h2 class=\"wp-block-heading text-white\">Pool auf dem Dach<\/h2>\n\n\n\n<h3 class=\"wp-block-heading text-white\">und Cocktails mit Meerblick<\/h3>\n\n\n\n<p class=\"pt-5 text-white\">In unserem neuen Pool auf dem Dach, zwischen <strong>Whirlpoolbereich, zwei Whirlpool-Liegen, massierende Wasserf\u00e4lle und Gegenstromanlage<\/strong>k\u00f6nnen Sie maximale Entspannung und einen einzigartigen Blick auf das Meer genie\u00dfen.\u00a0<\/p>\n\n\n\n<p class=\"text-white\">Zu dieser Atmosph\u00e4re kommt die M\u00f6glichkeit einer Erfrischung mit einem <strong>besonderes Getr\u00e4nk<\/strong>frisch zubereitet. Wir haben alles getan, um Ihnen ein unvergessliches Luxuserlebnis bieten zu k\u00f6nnen.<\/p>\n\n\n\n<div class=\"wao-blocks-button py-4\" >\n\t<a href=\"http:\/\/www.newclubhotel.com\/de\/piscina\/\" \n\t\tclass=\"btn btn-primary\"\n         \n\t\t\t\ttitle=\"ENTDECKEN SIE DEN POOL\" \n\t>\t\n\t\t\t\tENTDECKEN SIE DEN POOL\t\t\t<\/a>\n<\/div>\n    <\/div>\n<\/div>\n<\/section>\n\n<section class=\"wao-blocks-container container mb-5\"\n\t\t>\n    \n<div class=\"wao-blocks-row row\" >\n    \n\n<div class=\"col-12 col-lg-6 p-5 g--bkg-dark-02 text-white order-lg-1 order-2\"\n     \n\t \n\t>\n        \n\n<h2 class=\"wp-block-heading text-white\">Sonnenterrasse<\/h2>\n\n\n\n<h3 class=\"wp-block-heading text-white\">Entspannung direkt im Hotel<\/h3>\n\n\n\n<p class=\"pt-5 text-white\">Unser <strong>Sonnenterrasse<\/strong> ist der ideale Ort, wann immer Sie sich entspannen und die Sonne genie\u00dfen wollen, ohne an den Strand zu gehen.<\/p>\n\n\n\n<p class=\"text-white\">Vollst\u00e4ndig <strong>ausgestattet<\/strong> mit Liegest\u00fchlen, Kabinen und Duschen, ist zu jeder Tageszeit kostenlos zug\u00e4nglich.<\/p>\n\n\n\n<p class=\"text-white\">L<strong>Jacuzzi-Whirlpool<\/strong> mit 5 Sitzpl\u00e4tzen ist perfekt, um sich abzuk\u00fchlen und Momente der absoluten Entspannung zu verbringen, verw\u00f6hnt von der Sonne und in Gesellschaft von erfrischenden Cocktails.<\/p>\n\n\n\n<p class=\"text-white\">Wohlbefinden zum Greifen nah f\u00fcr einen unvergesslichen Urlaub im New Club Hotel in Rimini<\/p>\n\n    <\/div>\n\n\n<div class=\"col-12 col-lg-6 p-0 order-lg-2 order-1\"\n     \n\t \n\t>\n        \n    <figure\n        class=\"wao-blocks-immagine-bkg m-0\"\n        style=\"background: url('http:\/\/www.newclubhotel.com\/wp-content\/uploads\/2021\/05\/hotel-newclub-idromassaggio-01-1024x533.jpg') center center \/ cover no-repeat;\"\n        data-cof=\"true\" data-cof-rule=\"min-height, 350px, 350px, 400px, 100%, 100%\" >\n            <\/figure>\n\n    <\/div>\n<\/div>\n<\/section>\n\n<section class=\"wao-blocks-container container mb-5\"\n\t\t>\n    \n<div class=\"wao-blocks-row row l--equal-h\" >\n    \n\n<div class=\"col-12 col-lg-6 g--bkg-dark-02 px-md-5 newsletter-custom\"\n     \n\t \n\t>\n        \n\n<h2 class=\"has-text-align-center text-white p-5 wp-block-heading\">Registrieren Sie sich f\u00fcr <strong>Newsletter<\/strong><\/h2>\n\n\n<script src=\"https:\/\/www.google.com\/recaptcha\/enterprise.js?render=6LdKs-6Lc3xMIcAAAAAO2K3CkgGUYb6BcsBOk289jP7NUP\"><\/script>\n<div class=\"l--box-newsletter wao-blocks-nav-tab text-white pt-3 pb-5\" >\n    <form class=\"custom\" name=\"iscrizione_newsletter\" id=\"iscrizione_newsletter\" method=\"post\" autocomplete=\"OFF\" action=\"\">\n        <fieldset>\n            <div class=\"form-group column\">\n                                <div class=\"col-12 col-lg-12 mx-auto\">\n                    <input type=\"text\" class=\"form-control\" id=\"news_nome\" name=\"nome\" placeholder=\"Name*\">\n                <\/div>\n                <div class=\"col-12 col-lg-12 mx-auto\">\n                    <input type=\"text\" class=\"form-control\" id=\"news_email\" name=\"email\" value=\"\" placeholder=\"E-Mail*\">\n                <\/div>\n                <div id=\"newsletter\" class=\"col-12 col-lg-12 mx-auto\">\n<input value=\"on\" type=\"checkbox\" name=\"news_privacy\" id=\"news_privacy\">\n<label for=\"news_privacy\">*\n    <small>\n        <a href=\"javascript:void(0)\" title=\"Datenschutz\"\n            class=\"privacy link-privacy-policy\" style=\"cursor: pointer;\">\n            Ich akzeptiere Datenschutz\n        <\/a>\n    <\/small>\n<\/label>\n<\/div>                <div class=\"col-12 col-lg-12 mx-auto\">\n                    <button class=\"btn btn-primary btn-block text-uppercase\"type=\"submit\" id=\"iscrizioneNewsletter\">\n                        Anmelden\n                    <\/button>\n                    <input name=\"dominio\" type=\"hidden\" value=\"https:\/\/www.newclubhotel.com\/de\/\">\n                    <input name=\"idHotel\" type=\"hidden\" value=\"2040\">\n                    <input name=\"lingua\" type=\"hidden\" value=\"it\">\n                <\/div>\n            <\/div>\n        <\/fieldset>\n    <input type=\"hidden\" name=\"trp-form-language\" value=\"de\"\/><\/form>\n<\/div>\n<div id=\"divAlert\" class=\"h-50 w-50 m-auto alert-info d-none\" style=\"position: fixed; top: 10px; left: 10px; right: 10px; bottom: 10px; z-index: 2000; overflow: auto\">\n\t<div class=\"text-right\">\n\t\t<a class=\"btn btn-primary btn_chiudi\" href=\"javascript:void(0)\" onclick=\"location.reload(true);\" title=\"Schlie\u00dfen\"><i class=\"fa fa-times\" aria-hidden=\"true\"><\/i><\/a>\n\t<\/div>\n\t<div class=\"text-center alert-info l--align-middle-vertical\" style=\"height: calc(100% - 50px);\">\n\t\t<div class=\"logo\"><\/div>\n\t\t<div class=\"text-center h-50 w-50\">\n\t\t\t<span class=\"display-3\"><i class=\"fa fa-paper-plane\" aria-hidden=\"true\"><\/i><\/span>\n\t\t\t<h4>Newsletter-Abonnement erfolgreich abgeschlossen<\/h4>\n\t\t<\/div>\n\t<\/div>\n<\/div>\n\n    <\/div>\n\n\n<div class=\"col-12 col-lg-6 banner-fb d-flex justify-content-center\"\n     \n\t \n\t>\n        \n<div class=\"d-flex flex-column py-5\">\n\n\n<h2 class=\"text-center text-white wp-block-heading\">Folgen Sie uns auf <br><strong>Facebook<\/strong><\/h2>\n\n\n\n<div class=\"wao-blocks-button text-center mt-auto mb-3\" >\n\t<a href=\"https:\/\/it-it.facebook.com\/newclubhotelrimini\/\" \n\t\tclass=\"btn btn-primary\"\n         \n\t\ttarget=\"_blank\"\t\ttitle=\"DER SEITE FOLGEN\" \n\t>\t\n\t\t\t\tDER SEITE FOLGEN\t\t\t<\/a>\n<\/div>\n\n<\/div>\n    <\/div>\n<\/div>\n<\/section>\n\n\n<p><\/p>\n\n\n<section class=\"wao-blocks-container container mb-5 py-3\"\n\t\t>\n    \n<div class=\"wao-blocks-row row\" >\n    \n\n<div class=\"col-12 col-md-12\"\n     \n\t \n\t>\n        \n\n<h2 class=\"text-center wp-block-heading\">Unser <strong>Angebote<\/strong><\/h2>\n\n\n\n<div class=\"wao-blocks-immagine-src text-center pb-3\" \n    >\n                    <img decoding=\"async\" src=\"http:\/\/www.newclubhotel.com\/wp-content\/uploads\/2021\/05\/divider-newclub.svg\"  class=\"max-w-250\"  alt=\"divider-newclub\">\n    <\/div>\n\n\n\t\n\t\t<div class=\"wao-blocks-offerte-slider-v1\">\n\n\t\t\t\t\t<!-- controllo Slide  -->\n\t\t\t\t\t<div class=\"js--slider\" data-arrows=\"false\" data-dots=\"true\" data-autoplay=\"true\" data-slidestoshow=\"2\" data-slidestoshowsm=\"1\" data-slidestoshowxs=\"1\">\n\t\t\t\t\t\t<!-- ciclo di ogni offerta -->\n\t\t\t\t\n<div class=\"g--bkg-dark-04 m-2 h-100\">\n    <!-- contenitore testi cBox2 -->\n    <div class=\"text-center\">\n        <!-- contenitore titolo -->\n        <div class=\"mx-auto py-3 d-flex flex-column\" style=\"min-height: 140px;\">\n            <a href=\"https:\/\/www.newclubhotel.com\/de\/offerte\/offerta-giugno-all-inclusive-a-rimini-88960.php\" class=\"text-white h4\">Angebot Juni all Inclusive in Rimini<\/a>\n\t\t\t<!-- contenitore date -->\n        <div class=\"text-white text-small mt-auto\"><span>vom 23.05.2026 bis 21.06.2026<\/span><\/div>\n        <!-- fine contenitore date -->\n        <\/div>\n        <!-- contenitore prezzo -->\n        <div class=\"p-2 text-white g--bkg-dark-01\">\n\t\t\t<div>von <span class=\"font-weight-bold display-4\">70\u20ac<\/span><\/div>\n        <\/div>\n        <!-- fine contenitore prezzo -->\n\t\t<!-- contenitore immagine -->\n    <div class=\"mx-auto l--position-relative barret-88961\" style=\"background-size: cover; height: 250px; overflow:hidden;\">\n    \t<!-- inizio timer -->\n\t\t<div class=\"hidden-xl-down g--bkg-light-04 l--position-absolute l--top l--right p-2 text-primary timer l--b-a-1 border g--b-c-03\" style=\"z-index:800!important;\" id=\"timer_88961\">\n\t\t\t<div class=\"text-sm-center text-warning font-weight-bold text-uppercase\">Angebot verf\u00e4llt in<\/div>\n\t\t\t<div class=\"\" style=\"display:flex\">\n\t\t\t\t<div class=\"l--p-a-12 g--bkg-light-02 l--m-a-12\">\n\t\t\t\t\t<span class=\"days\"><\/span> <span class=\"text-small\">gg<\/span>\n\t\t\t\t<\/div>\n\t\t\t\t<div class=\"l--p-a-12 g--bkg-light-02 l--m-a-12\">\n\t\t\t\t\t<span class=\"hours\"><\/span> <span class=\"text-small\">hh<\/span>\n\t\t\t\t<\/div>\n\t\t\t\t<div class=\"l--p-a-12 g--bkg-light-02 l--m-a-12\">\n\t\t\t\t\t<span class=\"minutes\"><\/span> <span class=\"text-small\">mm<\/span>\n\t\t\t\t<\/div>\n\t\t\t\t<div class=\"l--p-a-12 g--bkg-light-02 l--m-a-12\">\n\t\t\t\t\t<span class=\"seconds\"><\/span> <span class=\"text-small\">ss<\/span>\n\t\t\t\t<\/div>\n\t\t\t<\/div>\n\t\t<\/div>\n\t\t<script type=\"text\/javascript\">setTimeout(function(){ CountDownOfferte('21\/06\/2026', 'timer_88961'); }, 5000); BkgImgOfferta('https:\/\/static.adriasonline.it\/barret\/make\/offerte\/2040\/dettaglio\/img_88960.jpg?w=520&h=250&q=80&fit=crop', '88961', 'cover');<\/script>\n    \t<!-- fine timer -->\n    <\/div>\n    <!-- fine contenitore immagine -->\n        <!-- contenitore bottone -->\n        <div class=\"py-3\">\n            <a class=\"btn btn-primary rounded-0 text-uppercase\" href=\"https:\/\/www.newclubhotel.com\/de\/offerte\/offerta-giugno-all-inclusive-a-rimini-88960.php\" title=\"Buchen Sie Ihren Sommer im Januar und sparen Sie\">entdecken.<\/a>\n        <\/div>\n        <!-- fine contenitore bottone -->\n    <\/div>\n    <!-- fine contenitore testi cBox2 -->\n<\/div>\n\n<div class=\"g--bkg-dark-04 m-2 h-100\">\n    <!-- contenitore testi cBox2 -->\n    <div class=\"text-center\">\n        <!-- contenitore titolo -->\n        <div class=\"mx-auto py-3 d-flex flex-column\" style=\"min-height: 140px;\">\n            <a href=\"https:\/\/www.newclubhotel.com\/de\/offerte\/offerta-ponte-2-giugno-a-rimini-131509.php\" class=\"text-white h4\">Angebot Br\u00fccke 2. Juni in Rimini<\/a>\n\t\t\t<!-- contenitore date -->\n        <div class=\"text-white text-small mt-auto\"><span>vom 29.05.2026 bis 03.06.2026<\/span><\/div>\n        <!-- fine contenitore date -->\n        <\/div>\n        <!-- contenitore prezzo -->\n        <div class=\"p-2 text-white g--bkg-dark-01\">\n\t\t\t<div>von <span class=\"font-weight-bold display-4\">69\u20ac<\/span><\/div>\n        <\/div>\n        <!-- fine contenitore prezzo -->\n\t\t<!-- contenitore immagine -->\n    <div class=\"mx-auto l--position-relative barret-131510\" style=\"background-size: cover; height: 250px; overflow:hidden;\">\n    \t<!-- inizio timer -->\n\t\t<div class=\"hidden-xl-down g--bkg-light-04 l--position-absolute l--top l--right p-2 text-primary timer l--b-a-1 border g--b-c-03\" style=\"z-index:800!important;\" id=\"timer_131510\">\n\t\t\t<div class=\"text-sm-center text-warning font-weight-bold text-uppercase\">Angebot verf\u00e4llt in<\/div>\n\t\t\t<div class=\"\" style=\"display:flex\">\n\t\t\t\t<div class=\"l--p-a-12 g--bkg-light-02 l--m-a-12\">\n\t\t\t\t\t<span class=\"days\"><\/span> <span class=\"text-small\">gg<\/span>\n\t\t\t\t<\/div>\n\t\t\t\t<div class=\"l--p-a-12 g--bkg-light-02 l--m-a-12\">\n\t\t\t\t\t<span class=\"hours\"><\/span> <span class=\"text-small\">hh<\/span>\n\t\t\t\t<\/div>\n\t\t\t\t<div class=\"l--p-a-12 g--bkg-light-02 l--m-a-12\">\n\t\t\t\t\t<span class=\"minutes\"><\/span> <span class=\"text-small\">mm<\/span>\n\t\t\t\t<\/div>\n\t\t\t\t<div class=\"l--p-a-12 g--bkg-light-02 l--m-a-12\">\n\t\t\t\t\t<span class=\"seconds\"><\/span> <span class=\"text-small\">ss<\/span>\n\t\t\t\t<\/div>\n\t\t\t<\/div>\n\t\t<\/div>\n\t\t<script type=\"text\/javascript\">setTimeout(function(){ CountDownOfferte('03\/06\/2026', 'timer_131510'); }, 5000); BkgImgOfferta('https:\/\/static.adriasonline.it\/barret\/make\/offerte\/2040\/dettaglio\/img_131509.jpg?w=520&h=250&q=80&fit=crop', '131510', 'cover');<\/script>\n    \t<!-- fine timer -->\n    <\/div>\n    <!-- fine contenitore immagine -->\n        <!-- contenitore bottone -->\n        <div class=\"py-3\">\n            <a class=\"btn btn-primary rounded-0 text-uppercase\" href=\"https:\/\/www.newclubhotel.com\/de\/offerte\/offerta-ponte-2-giugno-a-rimini-131509.php\" title=\"Buchen Sie Ihren Sommer im Januar und sparen Sie\">entdecken.<\/a>\n        <\/div>\n        <!-- fine contenitore bottone -->\n    <\/div>\n    <!-- fine contenitore testi cBox2 -->\n<\/div>\n\n<div class=\"g--bkg-dark-04 m-2 h-100\">\n    <!-- contenitore testi cBox2 -->\n    <div class=\"text-center\">\n        <!-- contenitore titolo -->\n        <div class=\"mx-auto py-3 d-flex flex-column\" style=\"min-height: 140px;\">\n            <a href=\"https:\/\/www.newclubhotel.com\/de\/offerte\/offerta-ponte-del-1-maggio-a-rimini-139693.php\" class=\"text-white h4\"><\/a>\n\t\t\t<!-- contenitore date -->\n        <div class=\"text-white text-small mt-auto\"><span>vom 30.04.2026 bis 03.05.2026<\/span><\/div>\n        <!-- fine contenitore date -->\n        <\/div>\n        <!-- contenitore prezzo -->\n        <div class=\"p-2 text-white g--bkg-dark-01\">\n\t\t\t<div>von <span class=\"font-weight-bold display-4\">45\u20ac<\/span><\/div>\n        <\/div>\n        <!-- fine contenitore prezzo -->\n\t\t<!-- contenitore immagine -->\n    <div class=\"mx-auto l--position-relative barret-139694\" style=\"background-size: cover; height: 250px; overflow:hidden;\">\n    \t<!-- inizio timer -->\n\t\t<div class=\"hidden-xl-down g--bkg-light-04 l--position-absolute l--top l--right p-2 text-primary timer l--b-a-1 border g--b-c-03\" style=\"z-index:800!important;\" id=\"timer_139694\">\n\t\t\t<div class=\"text-sm-center text-warning font-weight-bold text-uppercase\">Angebot verf\u00e4llt in<\/div>\n\t\t\t<div class=\"\" style=\"display:flex\">\n\t\t\t\t<div class=\"l--p-a-12 g--bkg-light-02 l--m-a-12\">\n\t\t\t\t\t<span class=\"days\"><\/span> <span class=\"text-small\">gg<\/span>\n\t\t\t\t<\/div>\n\t\t\t\t<div class=\"l--p-a-12 g--bkg-light-02 l--m-a-12\">\n\t\t\t\t\t<span class=\"hours\"><\/span> <span class=\"text-small\">hh<\/span>\n\t\t\t\t<\/div>\n\t\t\t\t<div class=\"l--p-a-12 g--bkg-light-02 l--m-a-12\">\n\t\t\t\t\t<span class=\"minutes\"><\/span> <span class=\"text-small\">mm<\/span>\n\t\t\t\t<\/div>\n\t\t\t\t<div class=\"l--p-a-12 g--bkg-light-02 l--m-a-12\">\n\t\t\t\t\t<span class=\"seconds\"><\/span> <span class=\"text-small\">ss<\/span>\n\t\t\t\t<\/div>\n\t\t\t<\/div>\n\t\t<\/div>\n\t\t<script type=\"text\/javascript\">setTimeout(function(){ CountDownOfferte('03\/05\/2026', 'timer_139694'); }, 5000); BkgImgOfferta('https:\/\/static.adriasonline.it\/barret\/make\/offerte\/2040\/dettaglio\/img_139693.jpg?w=520&h=250&q=80&fit=crop', '139694', 'cover');<\/script>\n    \t<!-- fine timer -->\n    <\/div>\n    <!-- fine contenitore immagine -->\n        <!-- contenitore bottone -->\n        <div class=\"py-3\">\n            <a class=\"btn btn-primary rounded-0 text-uppercase\" href=\"https:\/\/www.newclubhotel.com\/de\/offerte\/offerta-ponte-del-1-maggio-a-rimini-139693.php\" title=\"Buchen Sie Ihren Sommer im Januar und sparen Sie\">entdecken.<\/a>\n        <\/div>\n        <!-- fine contenitore bottone -->\n    <\/div>\n    <!-- fine contenitore testi cBox2 -->\n<\/div>\n    \n\t\t\t\t\t\t\t\n\t\t\t<\/div>\n\t\t<\/div>\n\t\n    <\/div>\n<\/div>\n<\/section>","protected":false},"excerpt":{"rendered":"","protected":false},"author":1,"featured_media":0,"parent":0,"menu_order":0,"comment_status":"closed","ping_status":"closed","template":"","meta":{"footnotes":""},"class_list":["post-12","page","type-page","status-publish","hentry"],"_links":{"self":[{"href":"https:\/\/www.newclubhotel.com\/de\/wp-json\/wp\/v2\/pages\/12","targetHints":{"allow":["GET"]}}],"collection":[{"href":"https:\/\/www.newclubhotel.com\/de\/wp-json\/wp\/v2\/pages"}],"about":[{"href":"https:\/\/www.newclubhotel.com\/de\/wp-json\/wp\/v2\/types\/page"}],"author":[{"embeddable":true,"href":"https:\/\/www.newclubhotel.com\/de\/wp-json\/wp\/v2\/users\/1"}],"replies":[{"embeddable":true,"href":"https:\/\/www.newclubhotel.com\/de\/wp-json\/wp\/v2\/comments?post=12"}],"version-history":[{"count":60,"href":"https:\/\/www.newclubhotel.com\/de\/wp-json\/wp\/v2\/pages\/12\/revisions"}],"predecessor-version":[{"id":897,"href":"https:\/\/www.newclubhotel.com\/de\/wp-json\/wp\/v2\/pages\/12\/revisions\/897"}],"wp:attachment":[{"href":"https:\/\/www.newclubhotel.com\/de\/wp-json\/wp\/v2\/media?parent=12"}],"curies":[{"name":"wp","href":"https:\/\/api.w.org\/{rel}","templated":true}]}}